{"id":149,"date":"2024-02-25T11:18:54","date_gmt":"2024-02-25T10:18:54","guid":{"rendered":"https:\/\/markmarkus.com\/?page_id=149"},"modified":"2024-02-25T17:39:27","modified_gmt":"2024-02-25T16:39:27","slug":"pupitre-de-ceremonie","status":"publish","type":"page","link":"https:\/\/markmarkus.com\/index.php\/pupitre-de-ceremonie\/","title":{"rendered":"Pupitre de c\u00e9r\u00e9monie"},"content":{"rendered":"\t\t<div data-elementor-type=\"wp-page\" data-elementor-id=\"149\" class=\"elementor elementor-149\" data-elementor-post-type=\"page\">\n\t\t\t\t<div class=\"elementor-element elementor-element-2d6908b e-flex e-con-boxed e-con e-parent\" data-id=\"2d6908b\" data-element_type=\"container\" data-e-type=\"container\">\n\t\t\t\t\t<div class=\"e-con-inner\">\n\t\t\t\t<div class=\"elementor-element elementor-element-9da3896 elementor-invisible elementor-widget elementor-widget-heading\" data-id=\"9da3896\" data-element_type=\"widget\" data-e-type=\"widget\" data-settings=\"{&quot;_animation&quot;:&quot;fadeIn&quot;}\" data-widget_type=\"heading.default\">\n\t\t\t\t<div class=\"elementor-widget-container\">\n\t\t\t\t\t<h1 class=\"elementor-heading-title elementor-size-default\">Pupitre de c\u00e9r\u00e9monie<\/h1>\t\t\t\t<\/div>\n\t\t\t\t<\/div>\n\t\t\t\t\t<\/div>\n\t\t\t\t<\/div>\n\t\t<div class=\"elementor-element elementor-element-7c4372c e-flex e-con-boxed e-con e-parent\" data-id=\"7c4372c\" data-element_type=\"container\" data-e-type=\"container\">\n\t\t\t\t\t<div class=\"e-con-inner\">\n\t\t<div class=\"elementor-element elementor-element-8cf3de3 e-con-full e-flex e-con e-child\" data-id=\"8cf3de3\" data-element_type=\"container\" data-e-type=\"container\">\n\t\t\t\t<div class=\"elementor-element elementor-element-64c5780 elementor-widget elementor-widget-text-editor\" data-id=\"64c5780\" data-element_type=\"widget\" data-e-type=\"widget\" data-widget_type=\"text-editor.default\">\n\t\t\t\t<div class=\"elementor-widget-container\">\n\t\t\t\t\t\t\t\t\t<p>\u00a0<\/p><p>\u00a0<\/p><p>\u00a0<\/p><p class=\"p1\"><strong>Pupitre de c\u00e9r\u00e9monie dor\u00e9,<\/strong><\/p><p class=\"p1\">pied d\u00e9montable en trois parties avec sac<\/p><p>\u00a0<\/p>\t\t\t\t\t\t\t\t<\/div>\n\t\t\t\t<\/div>\n\t\t\t\t<\/div>\n\t\t<div class=\"elementor-element elementor-element-fca82e1 e-con-full e-flex e-con e-child\" data-id=\"fca82e1\" data-element_type=\"container\" data-e-type=\"container\">\n\t\t\t\t<div class=\"elementor-element elementor-element-f864f7a elementor-widget elementor-widget-image\" data-id=\"f864f7a\" data-element_type=\"widget\" data-e-type=\"widget\" data-widget_type=\"image.default\">\n\t\t\t\t<div class=\"elementor-widget-container\">\n\t\t\t\t\t\t\t\t\t\t\t\t\t\t\t<img fetchpriority=\"high\" decoding=\"async\" width=\"489\" height=\"424\" src=\"https:\/\/markmarkus.com\/wp-content\/uploads\/2024\/02\/10.jpg\" class=\"attachment-medium_large size-medium_large wp-image-45\" alt=\"\" srcset=\"https:\/\/markmarkus.com\/wp-content\/uploads\/2024\/02\/10.jpg 489w, https:\/\/markmarkus.com\/wp-content\/uploads\/2024\/02\/10-300x260.jpg 300w\" sizes=\"(max-width: 489px) 100vw, 489px\" \/>\t\t\t\t\t\t\t\t\t\t\t\t\t\t\t<\/div>\n\t\t\t\t<\/div>\n\t\t\t\t<\/div>\n\t\t\t\t\t<\/div>\n\t\t\t\t<\/div>\n\t\t<div class=\"elementor-element elementor-element-a49be60 e-flex e-con-boxed e-con e-parent\" data-id=\"a49be60\" data-element_type=\"container\" data-e-type=\"container\">\n\t\t\t\t\t<div class=\"e-con-inner\">\n\t\t<div class=\"elementor-element elementor-element-bf7756c e-con-full e-flex e-con e-child\" data-id=\"bf7756c\" data-element_type=\"container\" data-e-type=\"container\">\n\t\t\t\t<div class=\"elementor-element elementor-element-a57e01c elementor-widget elementor-widget-image\" data-id=\"a57e01c\" data-element_type=\"widget\" data-e-type=\"widget\" data-widget_type=\"image.default\">\n\t\t\t\t<div class=\"elementor-widget-container\">\n\t\t\t\t\t\t\t\t\t\t\t\t\t\t\t<img decoding=\"async\" src=\"https:\/\/markmarkus.com\/wp-content\/uploads\/2024\/02\/pupitre.png\" title=\"pupitre\" alt=\"pupitre\" loading=\"lazy\" \/>\t\t\t\t\t\t\t\t\t\t\t\t\t\t\t<\/div>\n\t\t\t\t<\/div>\n\t\t\t\t<\/div>\n\t\t<div class=\"elementor-element elementor-element-2a9c626 e-con-full e-flex e-con e-child\" data-id=\"2a9c626\" data-element_type=\"container\" data-e-type=\"container\">\n\t\t\t\t<div class=\"elementor-element elementor-element-eb4674d elementor-widget elementor-widget-image\" data-id=\"eb4674d\" data-element_type=\"widget\" data-e-type=\"widget\" data-widget_type=\"image.default\">\n\t\t\t\t<div class=\"elementor-widget-container\">\n\t\t\t\t\t\t\t\t\t\t\t\t\t\t\t<img decoding=\"async\" width=\"768\" height=\"640\" src=\"https:\/\/markmarkus.com\/wp-content\/uploads\/2024\/02\/housse-768x640.png\" class=\"attachment-medium_large size-medium_large wp-image-54\" alt=\"\" srcset=\"https:\/\/markmarkus.com\/wp-content\/uploads\/2024\/02\/housse-768x640.png 768w, https:\/\/markmarkus.com\/wp-content\/uploads\/2024\/02\/housse-300x250.png 300w, https:\/\/markmarkus.com\/wp-content\/uploads\/2024\/02\/housse.png 797w\" sizes=\"(max-width: 768px) 100vw, 768px\" \/>\t\t\t\t\t\t\t\t\t\t\t\t\t\t\t<\/div>\n\t\t\t\t<\/div>\n\t\t\t\t<\/div>\n\t\t\t\t\t<\/div>\n\t\t\t\t<\/div>\n\t\t\t\t<\/div>\n\t\t","protected":false},"excerpt":{"rendered":"<p>Pupitre de c\u00e9r\u00e9monie \u00a0 \u00a0 Pupitre de c\u00e9r\u00e9monie dor\u00e9, pied d\u00e9montable en trois parties avec sac 90\u20ac<\/p>\n","protected":false},"author":1,"featured_media":0,"parent":0,"menu_order":0,"comment_status":"closed","ping_status":"closed","template":"","meta":{"footnotes":""},"class_list":["post-149","page","type-page","status-publish","hentry"],"yoast_head":"<!-- This site is optimized with the Yoast SEO plugin v27.4 - https:\/\/yoast.com\/product\/yoast-seo-wordpress\/ -->\n<title>Pupitre de c\u00e9r\u00e9monie - https:\/\/markmarkus.com\/<\/title>\n<meta name=\"description\" content=\"Les pupitre de c\u00e9r\u00e9monie dor\u00e9, pied d\u00e9montable en trois parties avec sac\" \/>\n<meta name=\"robots\" content=\"index, follow, max-snippet:-1, max-image-preview:large, max-video-preview:-1\" \/>\n<link rel=\"canonical\" href=\"https:\/\/markmarkus.com\/index.php\/pupitre-de-ceremonie\/\" \/>\n<meta property=\"og:locale\" content=\"fr_FR\" \/>\n<meta property=\"og:type\" content=\"article\" \/>\n<meta property=\"og:title\" content=\"Pupitre de c\u00e9r\u00e9monie - https:\/\/markmarkus.com\/\" \/>\n<meta property=\"og:description\" content=\"Les pupitre de c\u00e9r\u00e9monie dor\u00e9, pied d\u00e9montable en trois parties avec sac\" \/>\n<meta property=\"og:url\" content=\"https:\/\/markmarkus.com\/index.php\/pupitre-de-ceremonie\/\" \/>\n<meta property=\"og:site_name\" content=\"https:\/\/markmarkus.com\/\" \/>\n<meta property=\"article:modified_time\" content=\"2024-02-25T16:39:27+00:00\" \/>\n<meta property=\"og:image\" content=\"https:\/\/markmarkus.com\/wp-content\/uploads\/2024\/02\/10.jpg\" \/>\n<meta name=\"twitter:card\" content=\"summary_large_image\" \/>\n<meta name=\"twitter:label1\" content=\"Dur\u00e9e de lecture estim\u00e9e\" \/>\n\t<meta name=\"twitter:data1\" content=\"1 minute\" \/>\n<script type=\"application\/ld+json\" class=\"yoast-schema-graph\">{\"@context\":\"https:\\\/\\\/schema.org\",\"@graph\":[{\"@type\":\"WebPage\",\"@id\":\"https:\\\/\\\/markmarkus.com\\\/index.php\\\/pupitre-de-ceremonie\\\/\",\"url\":\"https:\\\/\\\/markmarkus.com\\\/index.php\\\/pupitre-de-ceremonie\\\/\",\"name\":\"Pupitre de c\u00e9r\u00e9monie - https:\\\/\\\/markmarkus.com\\\/\",\"isPartOf\":{\"@id\":\"https:\\\/\\\/markmarkus.com\\\/#website\"},\"primaryImageOfPage\":{\"@id\":\"https:\\\/\\\/markmarkus.com\\\/index.php\\\/pupitre-de-ceremonie\\\/#primaryimage\"},\"image\":{\"@id\":\"https:\\\/\\\/markmarkus.com\\\/index.php\\\/pupitre-de-ceremonie\\\/#primaryimage\"},\"thumbnailUrl\":\"https:\\\/\\\/markmarkus.com\\\/wp-content\\\/uploads\\\/2024\\\/02\\\/10.jpg\",\"datePublished\":\"2024-02-25T10:18:54+00:00\",\"dateModified\":\"2024-02-25T16:39:27+00:00\",\"description\":\"Les pupitre de c\u00e9r\u00e9monie dor\u00e9, pied d\u00e9montable en trois parties avec sac\",\"breadcrumb\":{\"@id\":\"https:\\\/\\\/markmarkus.com\\\/index.php\\\/pupitre-de-ceremonie\\\/#breadcrumb\"},\"inLanguage\":\"fr-FR\",\"potentialAction\":[{\"@type\":\"ReadAction\",\"target\":[\"https:\\\/\\\/markmarkus.com\\\/index.php\\\/pupitre-de-ceremonie\\\/\"]}]},{\"@type\":\"ImageObject\",\"inLanguage\":\"fr-FR\",\"@id\":\"https:\\\/\\\/markmarkus.com\\\/index.php\\\/pupitre-de-ceremonie\\\/#primaryimage\",\"url\":\"https:\\\/\\\/markmarkus.com\\\/wp-content\\\/uploads\\\/2024\\\/02\\\/10.jpg\",\"contentUrl\":\"https:\\\/\\\/markmarkus.com\\\/wp-content\\\/uploads\\\/2024\\\/02\\\/10.jpg\",\"width\":489,\"height\":424},{\"@type\":\"BreadcrumbList\",\"@id\":\"https:\\\/\\\/markmarkus.com\\\/index.php\\\/pupitre-de-ceremonie\\\/#breadcrumb\",\"itemListElement\":[{\"@type\":\"ListItem\",\"position\":1,\"name\":\"Accueil\",\"item\":\"https:\\\/\\\/markmarkus.com\\\/\"},{\"@type\":\"ListItem\",\"position\":2,\"name\":\"Pupitre de c\u00e9r\u00e9monie\"}]},{\"@type\":\"WebSite\",\"@id\":\"https:\\\/\\\/markmarkus.com\\\/#website\",\"url\":\"https:\\\/\\\/markmarkus.com\\\/\",\"name\":\"https:\\\/\\\/markmarkus.com\\\/\",\"description\":\"Marquages et supports fun\u00e9raire\",\"publisher\":{\"@id\":\"https:\\\/\\\/markmarkus.com\\\/#organization\"},\"potentialAction\":[{\"@type\":\"SearchAction\",\"target\":{\"@type\":\"EntryPoint\",\"urlTemplate\":\"https:\\\/\\\/markmarkus.com\\\/?s={search_term_string}\"},\"query-input\":{\"@type\":\"PropertyValueSpecification\",\"valueRequired\":true,\"valueName\":\"search_term_string\"}}],\"inLanguage\":\"fr-FR\"},{\"@type\":\"Organization\",\"@id\":\"https:\\\/\\\/markmarkus.com\\\/#organization\",\"name\":\"https:\\\/\\\/markmarkus.com\\\/\",\"url\":\"https:\\\/\\\/markmarkus.com\\\/\",\"logo\":{\"@type\":\"ImageObject\",\"inLanguage\":\"fr-FR\",\"@id\":\"https:\\\/\\\/markmarkus.com\\\/#\\\/schema\\\/logo\\\/image\\\/\",\"url\":\"https:\\\/\\\/markmarkus.com\\\/wp-content\\\/uploads\\\/2024\\\/02\\\/markmarkus41.jpg\",\"contentUrl\":\"https:\\\/\\\/markmarkus.com\\\/wp-content\\\/uploads\\\/2024\\\/02\\\/markmarkus41.jpg\",\"width\":1200,\"height\":396,\"caption\":\"https:\\\/\\\/markmarkus.com\\\/\"},\"image\":{\"@id\":\"https:\\\/\\\/markmarkus.com\\\/#\\\/schema\\\/logo\\\/image\\\/\"}}]}<\/script>\n<!-- \/ Yoast SEO plugin. -->","yoast_head_json":{"title":"Pupitre de c\u00e9r\u00e9monie - https:\/\/markmarkus.com\/","description":"Les pupitre de c\u00e9r\u00e9monie dor\u00e9, pied d\u00e9montable en trois parties avec sac","robots":{"index":"index","follow":"follow","max-snippet":"max-snippet:-1","max-image-preview":"max-image-preview:large","max-video-preview":"max-video-preview:-1"},"canonical":"https:\/\/markmarkus.com\/index.php\/pupitre-de-ceremonie\/","og_locale":"fr_FR","og_type":"article","og_title":"Pupitre de c\u00e9r\u00e9monie - https:\/\/markmarkus.com\/","og_description":"Les pupitre de c\u00e9r\u00e9monie dor\u00e9, pied d\u00e9montable en trois parties avec sac","og_url":"https:\/\/markmarkus.com\/index.php\/pupitre-de-ceremonie\/","og_site_name":"https:\/\/markmarkus.com\/","article_modified_time":"2024-02-25T16:39:27+00:00","og_image":[{"url":"https:\/\/markmarkus.com\/wp-content\/uploads\/2024\/02\/10.jpg","type":"","width":"","height":""}],"twitter_card":"summary_large_image","twitter_misc":{"Dur\u00e9e de lecture estim\u00e9e":"1 minute"},"schema":{"@context":"https:\/\/schema.org","@graph":[{"@type":"WebPage","@id":"https:\/\/markmarkus.com\/index.php\/pupitre-de-ceremonie\/","url":"https:\/\/markmarkus.com\/index.php\/pupitre-de-ceremonie\/","name":"Pupitre de c\u00e9r\u00e9monie - https:\/\/markmarkus.com\/","isPartOf":{"@id":"https:\/\/markmarkus.com\/#website"},"primaryImageOfPage":{"@id":"https:\/\/markmarkus.com\/index.php\/pupitre-de-ceremonie\/#primaryimage"},"image":{"@id":"https:\/\/markmarkus.com\/index.php\/pupitre-de-ceremonie\/#primaryimage"},"thumbnailUrl":"https:\/\/markmarkus.com\/wp-content\/uploads\/2024\/02\/10.jpg","datePublished":"2024-02-25T10:18:54+00:00","dateModified":"2024-02-25T16:39:27+00:00","description":"Les pupitre de c\u00e9r\u00e9monie dor\u00e9, pied d\u00e9montable en trois parties avec sac","breadcrumb":{"@id":"https:\/\/markmarkus.com\/index.php\/pupitre-de-ceremonie\/#breadcrumb"},"inLanguage":"fr-FR","potentialAction":[{"@type":"ReadAction","target":["https:\/\/markmarkus.com\/index.php\/pupitre-de-ceremonie\/"]}]},{"@type":"ImageObject","inLanguage":"fr-FR","@id":"https:\/\/markmarkus.com\/index.php\/pupitre-de-ceremonie\/#primaryimage","url":"https:\/\/markmarkus.com\/wp-content\/uploads\/2024\/02\/10.jpg","contentUrl":"https:\/\/markmarkus.com\/wp-content\/uploads\/2024\/02\/10.jpg","width":489,"height":424},{"@type":"BreadcrumbList","@id":"https:\/\/markmarkus.com\/index.php\/pupitre-de-ceremonie\/#breadcrumb","itemListElement":[{"@type":"ListItem","position":1,"name":"Accueil","item":"https:\/\/markmarkus.com\/"},{"@type":"ListItem","position":2,"name":"Pupitre de c\u00e9r\u00e9monie"}]},{"@type":"WebSite","@id":"https:\/\/markmarkus.com\/#website","url":"https:\/\/markmarkus.com\/","name":"https:\/\/markmarkus.com\/","description":"Marquages et supports fun\u00e9raire","publisher":{"@id":"https:\/\/markmarkus.com\/#organization"},"potentialAction":[{"@type":"SearchAction","target":{"@type":"EntryPoint","urlTemplate":"https:\/\/markmarkus.com\/?s={search_term_string}"},"query-input":{"@type":"PropertyValueSpecification","valueRequired":true,"valueName":"search_term_string"}}],"inLanguage":"fr-FR"},{"@type":"Organization","@id":"https:\/\/markmarkus.com\/#organization","name":"https:\/\/markmarkus.com\/","url":"https:\/\/markmarkus.com\/","logo":{"@type":"ImageObject","inLanguage":"fr-FR","@id":"https:\/\/markmarkus.com\/#\/schema\/logo\/image\/","url":"https:\/\/markmarkus.com\/wp-content\/uploads\/2024\/02\/markmarkus41.jpg","contentUrl":"https:\/\/markmarkus.com\/wp-content\/uploads\/2024\/02\/markmarkus41.jpg","width":1200,"height":396,"caption":"https:\/\/markmarkus.com\/"},"image":{"@id":"https:\/\/markmarkus.com\/#\/schema\/logo\/image\/"}}]}},"_links":{"self":[{"href":"https:\/\/markmarkus.com\/index.php\/wp-json\/wp\/v2\/pages\/149","targetHints":{"allow":["GET"]}}],"collection":[{"href":"https:\/\/markmarkus.com\/index.php\/wp-json\/wp\/v2\/pages"}],"about":[{"href":"https:\/\/markmarkus.com\/index.php\/wp-json\/wp\/v2\/types\/page"}],"author":[{"embeddable":true,"href":"https:\/\/markmarkus.com\/index.php\/wp-json\/wp\/v2\/users\/1"}],"replies":[{"embeddable":true,"href":"https:\/\/markmarkus.com\/index.php\/wp-json\/wp\/v2\/comments?post=149"}],"version-history":[{"count":12,"href":"https:\/\/markmarkus.com\/index.php\/wp-json\/wp\/v2\/pages\/149\/revisions"}],"predecessor-version":[{"id":254,"href":"https:\/\/markmarkus.com\/index.php\/wp-json\/wp\/v2\/pages\/149\/revisions\/254"}],"wp:attachment":[{"href":"https:\/\/markmarkus.com\/index.php\/wp-json\/wp\/v2\/media?parent=149"}],"curies":[{"name":"wp","href":"https:\/\/api.w.org\/{rel}","templated":true}]}}