{"id":157,"date":"2024-02-25T11:45:12","date_gmt":"2024-02-25T10:45:12","guid":{"rendered":"https:\/\/markmarkus.com\/?page_id=157"},"modified":"2025-01-27T18:37:22","modified_gmt":"2025-01-27T17:37:22","slug":"tarifs","status":"publish","type":"page","link":"https:\/\/markmarkus.com\/index.php\/tarifs\/","title":{"rendered":"Tarifs"},"content":{"rendered":"<h1>Tarifs et bon de commande<\/h1>\n<p>\t\t\t\t\t\t\t\t\t\t\t\t\t\t\t<img fetchpriority=\"high\" decoding=\"async\" width=\"768\" height=\"1162\" src=\"https:\/\/markmarkus.com\/wp-content\/uploads\/2025\/01\/BON-DE-COMMANDE-2025-1-768x1162.png\" alt=\"\" srcset=\"https:\/\/markmarkus.com\/wp-content\/uploads\/2025\/01\/BON-DE-COMMANDE-2025-1-768x1162.png 768w, https:\/\/markmarkus.com\/wp-content\/uploads\/2025\/01\/BON-DE-COMMANDE-2025-1-198x300.png 198w, https:\/\/markmarkus.com\/wp-content\/uploads\/2025\/01\/BON-DE-COMMANDE-2025-1-677x1024.png 677w, https:\/\/markmarkus.com\/wp-content\/uploads\/2025\/01\/BON-DE-COMMANDE-2025-1-1015x1536.png 1015w, https:\/\/markmarkus.com\/wp-content\/uploads\/2025\/01\/BON-DE-COMMANDE-2025-1-1353x2048.png 1353w\" sizes=\"(max-width: 768px) 100vw, 768px\" \/><br \/>\n\t\t\t\t\t\t\t\t\t\t\t\t\t\t\t<img decoding=\"async\" width=\"768\" height=\"879\" src=\"https:\/\/markmarkus.com\/wp-content\/uploads\/2025\/01\/BON-DE-COMMANDE-2025-2-768x879.png\" alt=\"\" srcset=\"https:\/\/markmarkus.com\/wp-content\/uploads\/2025\/01\/BON-DE-COMMANDE-2025-2-768x879.png 768w, https:\/\/markmarkus.com\/wp-content\/uploads\/2025\/01\/BON-DE-COMMANDE-2025-2-262x300.png 262w, https:\/\/markmarkus.com\/wp-content\/uploads\/2025\/01\/BON-DE-COMMANDE-2025-2-895x1024.png 895w, https:\/\/markmarkus.com\/wp-content\/uploads\/2025\/01\/BON-DE-COMMANDE-2025-2-1342x1536.png 1342w, https:\/\/markmarkus.com\/wp-content\/uploads\/2025\/01\/BON-DE-COMMANDE-2025-2-1790x2048.png 1790w\" sizes=\"(max-width: 768px) 100vw, 768px\" \/><br \/>\n\t\t\t\t\t<a href=\"https:\/\/drive.google.com\/file\/d\/125f0p5GzIsV9yNSQc0on4KdX61YaqHD_\/view?usp=sharing\"><br \/>\n\t\t\t\t\t\t\t\t\tT\u00e9l\u00e9charger le bon de commande ici<br \/>\n\t\t\t\t\t<\/a><\/p>\n","protected":false},"excerpt":{"rendered":"<p>Tarifs et bon de commande T\u00e9l\u00e9charger le bon de commande ici<\/p>\n","protected":false},"author":1,"featured_media":0,"parent":0,"menu_order":0,"comment_status":"closed","ping_status":"closed","template":"","meta":{"footnotes":""},"class_list":["post-157","page","type-page","status-publish","hentry"],"yoast_head":"<!-- This site is optimized with the Yoast SEO plugin v27.4 - https:\/\/yoast.com\/product\/yoast-seo-wordpress\/ -->\n<title>Tarifs - https:\/\/markmarkus.com\/<\/title>\n<meta name=\"description\" content=\"Tarifs, n&#039;h\u00e9sitez pas \u00e0 t\u00e9l\u00e9charger notre bon de commande.\" \/>\n<meta name=\"robots\" content=\"index, follow, max-snippet:-1, max-image-preview:large, max-video-preview:-1\" \/>\n<link rel=\"canonical\" href=\"https:\/\/markmarkus.com\/index.php\/tarifs\/\" \/>\n<meta property=\"og:locale\" content=\"fr_FR\" \/>\n<meta property=\"og:type\" content=\"article\" \/>\n<meta property=\"og:title\" content=\"Tarifs - https:\/\/markmarkus.com\/\" \/>\n<meta property=\"og:description\" content=\"Tarifs, n&#039;h\u00e9sitez pas \u00e0 t\u00e9l\u00e9charger notre bon de commande.\" \/>\n<meta property=\"og:url\" content=\"https:\/\/markmarkus.com\/index.php\/tarifs\/\" \/>\n<meta property=\"og:site_name\" content=\"https:\/\/markmarkus.com\/\" \/>\n<meta property=\"article:modified_time\" content=\"2025-01-27T17:37:22+00:00\" \/>\n<meta property=\"og:image\" content=\"https:\/\/markmarkus.com\/wp-content\/uploads\/2025\/01\/BON-DE-COMMANDE-2025-1-768x1162.png\" \/>\n<meta name=\"twitter:card\" content=\"summary_large_image\" \/>\n<meta name=\"twitter:label1\" content=\"Dur\u00e9e de lecture estim\u00e9e\" \/>\n\t<meta name=\"twitter:data1\" content=\"1 minute\" \/>\n<script type=\"application\/ld+json\" class=\"yoast-schema-graph\">{\"@context\":\"https:\\\/\\\/schema.org\",\"@graph\":[{\"@type\":\"WebPage\",\"@id\":\"https:\\\/\\\/markmarkus.com\\\/index.php\\\/tarifs\\\/\",\"url\":\"https:\\\/\\\/markmarkus.com\\\/index.php\\\/tarifs\\\/\",\"name\":\"Tarifs - https:\\\/\\\/markmarkus.com\\\/\",\"isPartOf\":{\"@id\":\"https:\\\/\\\/markmarkus.com\\\/#website\"},\"primaryImageOfPage\":{\"@id\":\"https:\\\/\\\/markmarkus.com\\\/index.php\\\/tarifs\\\/#primaryimage\"},\"image\":{\"@id\":\"https:\\\/\\\/markmarkus.com\\\/index.php\\\/tarifs\\\/#primaryimage\"},\"thumbnailUrl\":\"https:\\\/\\\/markmarkus.com\\\/wp-content\\\/uploads\\\/2025\\\/01\\\/BON-DE-COMMANDE-2025-1-768x1162.png\",\"datePublished\":\"2024-02-25T10:45:12+00:00\",\"dateModified\":\"2025-01-27T17:37:22+00:00\",\"description\":\"Tarifs, n'h\u00e9sitez pas \u00e0 t\u00e9l\u00e9charger notre bon de commande.\",\"breadcrumb\":{\"@id\":\"https:\\\/\\\/markmarkus.com\\\/index.php\\\/tarifs\\\/#breadcrumb\"},\"inLanguage\":\"fr-FR\",\"potentialAction\":[{\"@type\":\"ReadAction\",\"target\":[\"https:\\\/\\\/markmarkus.com\\\/index.php\\\/tarifs\\\/\"]}]},{\"@type\":\"ImageObject\",\"inLanguage\":\"fr-FR\",\"@id\":\"https:\\\/\\\/markmarkus.com\\\/index.php\\\/tarifs\\\/#primaryimage\",\"url\":\"https:\\\/\\\/markmarkus.com\\\/wp-content\\\/uploads\\\/2025\\\/01\\\/BON-DE-COMMANDE-2025-1.png\",\"contentUrl\":\"https:\\\/\\\/markmarkus.com\\\/wp-content\\\/uploads\\\/2025\\\/01\\\/BON-DE-COMMANDE-2025-1.png\",\"width\":2236,\"height\":3384},{\"@type\":\"BreadcrumbList\",\"@id\":\"https:\\\/\\\/markmarkus.com\\\/index.php\\\/tarifs\\\/#breadcrumb\",\"itemListElement\":[{\"@type\":\"ListItem\",\"position\":1,\"name\":\"Accueil\",\"item\":\"https:\\\/\\\/markmarkus.com\\\/\"},{\"@type\":\"ListItem\",\"position\":2,\"name\":\"Tarifs\"}]},{\"@type\":\"WebSite\",\"@id\":\"https:\\\/\\\/markmarkus.com\\\/#website\",\"url\":\"https:\\\/\\\/markmarkus.com\\\/\",\"name\":\"https:\\\/\\\/markmarkus.com\\\/\",\"description\":\"Marquages et supports fun\u00e9raire\",\"publisher\":{\"@id\":\"https:\\\/\\\/markmarkus.com\\\/#organization\"},\"potentialAction\":[{\"@type\":\"SearchAction\",\"target\":{\"@type\":\"EntryPoint\",\"urlTemplate\":\"https:\\\/\\\/markmarkus.com\\\/?s={search_term_string}\"},\"query-input\":{\"@type\":\"PropertyValueSpecification\",\"valueRequired\":true,\"valueName\":\"search_term_string\"}}],\"inLanguage\":\"fr-FR\"},{\"@type\":\"Organization\",\"@id\":\"https:\\\/\\\/markmarkus.com\\\/#organization\",\"name\":\"https:\\\/\\\/markmarkus.com\\\/\",\"url\":\"https:\\\/\\\/markmarkus.com\\\/\",\"logo\":{\"@type\":\"ImageObject\",\"inLanguage\":\"fr-FR\",\"@id\":\"https:\\\/\\\/markmarkus.com\\\/#\\\/schema\\\/logo\\\/image\\\/\",\"url\":\"https:\\\/\\\/markmarkus.com\\\/wp-content\\\/uploads\\\/2024\\\/02\\\/markmarkus41.jpg\",\"contentUrl\":\"https:\\\/\\\/markmarkus.com\\\/wp-content\\\/uploads\\\/2024\\\/02\\\/markmarkus41.jpg\",\"width\":1200,\"height\":396,\"caption\":\"https:\\\/\\\/markmarkus.com\\\/\"},\"image\":{\"@id\":\"https:\\\/\\\/markmarkus.com\\\/#\\\/schema\\\/logo\\\/image\\\/\"}}]}<\/script>\n<!-- \/ Yoast SEO plugin. -->","yoast_head_json":{"title":"Tarifs - https:\/\/markmarkus.com\/","description":"Tarifs, n'h\u00e9sitez pas \u00e0 t\u00e9l\u00e9charger notre bon de commande.","robots":{"index":"index","follow":"follow","max-snippet":"max-snippet:-1","max-image-preview":"max-image-preview:large","max-video-preview":"max-video-preview:-1"},"canonical":"https:\/\/markmarkus.com\/index.php\/tarifs\/","og_locale":"fr_FR","og_type":"article","og_title":"Tarifs - https:\/\/markmarkus.com\/","og_description":"Tarifs, n'h\u00e9sitez pas \u00e0 t\u00e9l\u00e9charger notre bon de commande.","og_url":"https:\/\/markmarkus.com\/index.php\/tarifs\/","og_site_name":"https:\/\/markmarkus.com\/","article_modified_time":"2025-01-27T17:37:22+00:00","og_image":[{"url":"https:\/\/markmarkus.com\/wp-content\/uploads\/2025\/01\/BON-DE-COMMANDE-2025-1-768x1162.png","type":"","width":"","height":""}],"twitter_card":"summary_large_image","twitter_misc":{"Dur\u00e9e de lecture estim\u00e9e":"1 minute"},"schema":{"@context":"https:\/\/schema.org","@graph":[{"@type":"WebPage","@id":"https:\/\/markmarkus.com\/index.php\/tarifs\/","url":"https:\/\/markmarkus.com\/index.php\/tarifs\/","name":"Tarifs - https:\/\/markmarkus.com\/","isPartOf":{"@id":"https:\/\/markmarkus.com\/#website"},"primaryImageOfPage":{"@id":"https:\/\/markmarkus.com\/index.php\/tarifs\/#primaryimage"},"image":{"@id":"https:\/\/markmarkus.com\/index.php\/tarifs\/#primaryimage"},"thumbnailUrl":"https:\/\/markmarkus.com\/wp-content\/uploads\/2025\/01\/BON-DE-COMMANDE-2025-1-768x1162.png","datePublished":"2024-02-25T10:45:12+00:00","dateModified":"2025-01-27T17:37:22+00:00","description":"Tarifs, n'h\u00e9sitez pas \u00e0 t\u00e9l\u00e9charger notre bon de commande.","breadcrumb":{"@id":"https:\/\/markmarkus.com\/index.php\/tarifs\/#breadcrumb"},"inLanguage":"fr-FR","potentialAction":[{"@type":"ReadAction","target":["https:\/\/markmarkus.com\/index.php\/tarifs\/"]}]},{"@type":"ImageObject","inLanguage":"fr-FR","@id":"https:\/\/markmarkus.com\/index.php\/tarifs\/#primaryimage","url":"https:\/\/markmarkus.com\/wp-content\/uploads\/2025\/01\/BON-DE-COMMANDE-2025-1.png","contentUrl":"https:\/\/markmarkus.com\/wp-content\/uploads\/2025\/01\/BON-DE-COMMANDE-2025-1.png","width":2236,"height":3384},{"@type":"BreadcrumbList","@id":"https:\/\/markmarkus.com\/index.php\/tarifs\/#breadcrumb","itemListElement":[{"@type":"ListItem","position":1,"name":"Accueil","item":"https:\/\/markmarkus.com\/"},{"@type":"ListItem","position":2,"name":"Tarifs"}]},{"@type":"WebSite","@id":"https:\/\/markmarkus.com\/#website","url":"https:\/\/markmarkus.com\/","name":"https:\/\/markmarkus.com\/","description":"Marquages et supports fun\u00e9raire","publisher":{"@id":"https:\/\/markmarkus.com\/#organization"},"potentialAction":[{"@type":"SearchAction","target":{"@type":"EntryPoint","urlTemplate":"https:\/\/markmarkus.com\/?s={search_term_string}"},"query-input":{"@type":"PropertyValueSpecification","valueRequired":true,"valueName":"search_term_string"}}],"inLanguage":"fr-FR"},{"@type":"Organization","@id":"https:\/\/markmarkus.com\/#organization","name":"https:\/\/markmarkus.com\/","url":"https:\/\/markmarkus.com\/","logo":{"@type":"ImageObject","inLanguage":"fr-FR","@id":"https:\/\/markmarkus.com\/#\/schema\/logo\/image\/","url":"https:\/\/markmarkus.com\/wp-content\/uploads\/2024\/02\/markmarkus41.jpg","contentUrl":"https:\/\/markmarkus.com\/wp-content\/uploads\/2024\/02\/markmarkus41.jpg","width":1200,"height":396,"caption":"https:\/\/markmarkus.com\/"},"image":{"@id":"https:\/\/markmarkus.com\/#\/schema\/logo\/image\/"}}]}},"_links":{"self":[{"href":"https:\/\/markmarkus.com\/index.php\/wp-json\/wp\/v2\/pages\/157","targetHints":{"allow":["GET"]}}],"collection":[{"href":"https:\/\/markmarkus.com\/index.php\/wp-json\/wp\/v2\/pages"}],"about":[{"href":"https:\/\/markmarkus.com\/index.php\/wp-json\/wp\/v2\/types\/page"}],"author":[{"embeddable":true,"href":"https:\/\/markmarkus.com\/index.php\/wp-json\/wp\/v2\/users\/1"}],"replies":[{"embeddable":true,"href":"https:\/\/markmarkus.com\/index.php\/wp-json\/wp\/v2\/comments?post=157"}],"version-history":[{"count":19,"href":"https:\/\/markmarkus.com\/index.php\/wp-json\/wp\/v2\/pages\/157\/revisions"}],"predecessor-version":[{"id":306,"href":"https:\/\/markmarkus.com\/index.php\/wp-json\/wp\/v2\/pages\/157\/revisions\/306"}],"wp:attachment":[{"href":"https:\/\/markmarkus.com\/index.php\/wp-json\/wp\/v2\/media?parent=157"}],"curies":[{"name":"wp","href":"https:\/\/api.w.org\/{rel}","templated":true}]}}