{"id":35,"date":"2024-02-25T08:25:34","date_gmt":"2024-02-25T07:25:34","guid":{"rendered":"https:\/\/markmarkus.com\/?page_id=35"},"modified":"2024-03-21T13:13:49","modified_gmt":"2024-03-21T12:13:49","slug":"brouillon-auto","status":"publish","type":"page","link":"https:\/\/markmarkus.com\/","title":{"rendered":"Marquages et supports pour vos besoins fun\u00e9raires"},"content":{"rendered":"\t\t<div data-elementor-type=\"wp-page\" data-elementor-id=\"35\" class=\"elementor elementor-35\" data-elementor-post-type=\"page\">\n\t\t\t\t<div class=\"elementor-element elementor-element-291c37e e-flex e-con-boxed e-con e-parent\" data-id=\"291c37e\" data-element_type=\"container\" data-e-type=\"container\">\n\t\t\t\t\t<div class=\"e-con-inner\">\n\t\t\t\t<div class=\"elementor-element elementor-element-c23253a elementor-widget elementor-widget-heading\" data-id=\"c23253a\" data-element_type=\"widget\" data-e-type=\"widget\" data-widget_type=\"heading.default\">\n\t\t\t\t<div class=\"elementor-widget-container\">\n\t\t\t\t\t<h1 class=\"elementor-heading-title elementor-size-default\">Avec Mark Markus\nvous disposez d'un choix de marquages et de supports suffisamment vari\u00e9s pour couvrir vos besoins fun\u00e9raires \u00e0 toutes les \u00e9tapes de la c\u00e9r\u00e9monie.<\/h1>\t\t\t\t<\/div>\n\t\t\t\t<\/div>\n\t\t\t\t\t<\/div>\n\t\t\t\t<\/div>\n\t\t<div class=\"elementor-element elementor-element-c9dee6a e-flex e-con-boxed e-con e-parent\" data-id=\"c9dee6a\" data-element_type=\"container\" data-e-type=\"container\">\n\t\t\t\t\t<div class=\"e-con-inner\">\n\t\t\t\t<div class=\"elementor-element elementor-element-86d1f2a elementor-widget elementor-widget-heading\" data-id=\"86d1f2a\" data-element_type=\"widget\" data-e-type=\"widget\" data-widget_type=\"heading.default\">\n\t\t\t\t<div class=\"elementor-widget-container\">\n\t\t\t\t\t<h2 class=\"elementor-heading-title elementor-size-default\"><a href=\"https:\/\/markmarkus.com\/index.php\/nous-contacter\/\">\n\n\u00c0 chaque vie, une histoire. <br>\n\n\u00c0 chaque histoire, une m\u00e9moire \u00e0 ch\u00e9rir. <br>Chez Mark Markus, nous comprenons l'importance de c\u00e9l\u00e9brer la vie de ceux qui nous ont quitt\u00e9s avec dignit\u00e9 et respect.<br>\n\nNous sommes fiers de vous offrir une gamme exceptionnelle de lettres pour la personnalisation du c\u00e9r\u00e9monial et du souvenir, d'articles de service fun\u00e9raire et de signal\u00e9tique de cimeti\u00e8re.<br>\n\n\u2728 Lettres Personnalis\u00e9es : Nos lettres d\u00e9licatement con\u00e7ues ajoutent une touche personnelle et significative \u00e0 chaque c\u00e9r\u00e9monie. Personnalisez le nom de votre \u00eatre cher avec \u00e9l\u00e9gance, cr\u00e9ant ainsi un hommage unique et m\u00e9morable.<br>\n\n\ud83c\udf39 Signal\u00e9tique de Cimeti\u00e8re : Facilitez la navigation dans le lieu de repos \u00e9ternel de vos proches avec notre gamme de signal\u00e9tique de cimeti\u00e8re. Des panneaux discrets et respectueux qui guideront vos pens\u00e9es vers les souvenirs pr\u00e9cieux que vous partagez.<br>\n\n\ud83e\udd1d Pourquoi Choisir Mark Markus?\nQualit\u00e9 Sup\u00e9rieure : Des produits con\u00e7us avec soin pour honorer la m\u00e9moire de vos proches.<br>\n\n\ud83d\udcde Contactez-nous d\u00e8s aujourd'hui pour discuter de vos besoins personnels.\nEnsemble, honorons la vie, c\u00e9l\u00e9brons le souvenir.<\/a><\/h2>\t\t\t\t<\/div>\n\t\t\t\t<\/div>\n\t\t\t\t<div class=\"elementor-element elementor-element-96cf13a elementor-widget-divider--view-line elementor-widget elementor-widget-divider\" data-id=\"96cf13a\" data-element_type=\"widget\" data-e-type=\"widget\" data-widget_type=\"divider.default\">\n\t\t\t\t<div class=\"elementor-widget-container\">\n\t\t\t\t\t\t\t<div class=\"elementor-divider\">\n\t\t\t<span class=\"elementor-divider-separator\">\n\t\t\t\t\t\t<\/span>\n\t\t<\/div>\n\t\t\t\t\t\t<\/div>\n\t\t\t\t<\/div>\n\t\t\t\t<div class=\"elementor-element elementor-element-3798f56 elementor-widget elementor-widget-image\" data-id=\"3798f56\" data-element_type=\"widget\" data-e-type=\"widget\" data-widget_type=\"image.default\">\n\t\t\t\t<div class=\"elementor-widget-container\">\n\t\t\t\t\t\t\t\t\t\t\t\t\t\t\t<img fetchpriority=\"high\" decoding=\"async\" width=\"800\" height=\"264\" src=\"https:\/\/markmarkus.com\/wp-content\/uploads\/2024\/02\/markmarkus41-1024x338.jpg\" class=\"attachment-large size-large wp-image-59\" alt=\"\" srcset=\"https:\/\/markmarkus.com\/wp-content\/uploads\/2024\/02\/markmarkus41-1024x338.jpg 1024w, https:\/\/markmarkus.com\/wp-content\/uploads\/2024\/02\/markmarkus41-300x99.jpg 300w, https:\/\/markmarkus.com\/wp-content\/uploads\/2024\/02\/markmarkus41-768x253.jpg 768w, https:\/\/markmarkus.com\/wp-content\/uploads\/2024\/02\/markmarkus41.jpg 1200w\" sizes=\"(max-width: 800px) 100vw, 800px\" \/>\t\t\t\t\t\t\t\t\t\t\t\t\t\t\t<\/div>\n\t\t\t\t<\/div>\n\t\t\t\t\t<\/div>\n\t\t\t\t<\/div>\n\t\t<div class=\"elementor-element elementor-element-da5b7e8 e-flex e-con-boxed e-con e-parent\" data-id=\"da5b7e8\" data-element_type=\"container\" data-e-type=\"container\">\n\t\t\t\t\t<div class=\"e-con-inner\">\n\t\t\t\t<div class=\"elementor-element elementor-element-2ffcf17 elementor-headline--style-highlight elementor-widget elementor-widget-animated-headline\" data-id=\"2ffcf17\" data-element_type=\"widget\" data-e-type=\"widget\" data-settings=\"{&quot;highlighted_text&quot;:&quot;le choix, la qualit\\u00e9&quot;,&quot;headline_style&quot;:&quot;highlight&quot;,&quot;marker&quot;:&quot;circle&quot;,&quot;loop&quot;:&quot;yes&quot;,&quot;highlight_animation_duration&quot;:1200,&quot;highlight_iteration_delay&quot;:8000}\" data-widget_type=\"animated-headline.default\">\n\t\t\t\t<div class=\"elementor-widget-container\">\n\t\t\t\t\t\t\t<h3 class=\"elementor-headline\">\n\t\t\t\t\t<span class=\"elementor-headline-plain-text elementor-headline-text-wrapper\">Mark Markus <\/span>\n\t\t\t\t<span class=\"elementor-headline-dynamic-wrapper elementor-headline-text-wrapper\">\n\t\t\t\t\t<span class=\"elementor-headline-dynamic-text elementor-headline-text-active\">le choix, la qualit\u00e9<\/span>\n\t\t\t\t<\/span>\n\t\t\t\t<\/h3>\n\t\t\t\t\t\t<\/div>\n\t\t\t\t<\/div>\n\t\t\t\t\t<\/div>\n\t\t\t\t<\/div>\n\t\t\t\t<\/div>\n\t\t","protected":false},"excerpt":{"rendered":"<p>Avec Mark Markus vous disposez d&rsquo;un choix de marquages et de supports suffisamment vari\u00e9s pour couvrir vos besoins fun\u00e9raires \u00e0 toutes les \u00e9tapes de la c\u00e9r\u00e9monie. \u00c0 chaque vie, une histoire. \u00c0 chaque histoire, une m\u00e9moire \u00e0 ch\u00e9rir. Chez Mark Markus, nous comprenons l&rsquo;importance de c\u00e9l\u00e9brer la vie de ceux qui nous ont quitt\u00e9s avec [&hellip;]<\/p>\n","protected":false},"author":1,"featured_media":0,"parent":0,"menu_order":1,"comment_status":"closed","ping_status":"closed","template":"","meta":{"footnotes":""},"class_list":["post-35","page","type-page","status-publish","hentry"],"yoast_head":"<!-- This site is optimized with the Yoast SEO plugin v27.4 - https:\/\/yoast.com\/product\/yoast-seo-wordpress\/ -->\n<title>Marquages et supports pour vos besoins fun\u00e9raires - https:\/\/markmarkus.com\/<\/title>\n<meta name=\"description\" content=\"Avec Mark Markus, nous proposons des marquages et supports vari\u00e9s pour couvrir vos besoins fun\u00e9raires \u00e0 toutes les \u00e9tapes de la c\u00e9r\u00e9monie.\" \/>\n<meta name=\"robots\" content=\"index, follow, max-snippet:-1, max-image-preview:large, max-video-preview:-1\" \/>\n<link rel=\"canonical\" href=\"https:\/\/markmarkus.com\/\" \/>\n<meta property=\"og:locale\" content=\"fr_FR\" \/>\n<meta property=\"og:type\" content=\"article\" \/>\n<meta property=\"og:title\" content=\"Marquages et supports pour vos besoins fun\u00e9raires - https:\/\/markmarkus.com\/\" \/>\n<meta property=\"og:description\" content=\"Avec Mark Markus, nous proposons des marquages et supports vari\u00e9s pour couvrir vos besoins fun\u00e9raires \u00e0 toutes les \u00e9tapes de la c\u00e9r\u00e9monie.\" \/>\n<meta property=\"og:url\" content=\"https:\/\/markmarkus.com\/\" \/>\n<meta property=\"og:site_name\" content=\"https:\/\/markmarkus.com\/\" \/>\n<meta property=\"article:modified_time\" content=\"2024-03-21T12:13:49+00:00\" \/>\n<meta property=\"og:image\" content=\"https:\/\/markmarkus.com\/wp-content\/uploads\/2024\/02\/markmarkus41-1024x338.jpg\" \/>\n<meta name=\"twitter:card\" content=\"summary_large_image\" \/>\n<meta name=\"twitter:label1\" content=\"Dur\u00e9e de lecture estim\u00e9e\" \/>\n\t<meta name=\"twitter:data1\" content=\"2 minutes\" \/>\n<script type=\"application\/ld+json\" class=\"yoast-schema-graph\">{\"@context\":\"https:\\\/\\\/schema.org\",\"@graph\":[{\"@type\":\"WebPage\",\"@id\":\"https:\\\/\\\/markmarkus.com\\\/\",\"url\":\"https:\\\/\\\/markmarkus.com\\\/\",\"name\":\"Marquages et supports pour vos besoins fun\u00e9raires - https:\\\/\\\/markmarkus.com\\\/\",\"isPartOf\":{\"@id\":\"https:\\\/\\\/markmarkus.com\\\/#website\"},\"primaryImageOfPage\":{\"@id\":\"https:\\\/\\\/markmarkus.com\\\/#primaryimage\"},\"image\":{\"@id\":\"https:\\\/\\\/markmarkus.com\\\/#primaryimage\"},\"thumbnailUrl\":\"https:\\\/\\\/markmarkus.com\\\/wp-content\\\/uploads\\\/2024\\\/02\\\/markmarkus41-1024x338.jpg\",\"datePublished\":\"2024-02-25T07:25:34+00:00\",\"dateModified\":\"2024-03-21T12:13:49+00:00\",\"description\":\"Avec Mark Markus, nous proposons des marquages et supports vari\u00e9s pour couvrir vos besoins fun\u00e9raires \u00e0 toutes les \u00e9tapes de la c\u00e9r\u00e9monie.\",\"breadcrumb\":{\"@id\":\"https:\\\/\\\/markmarkus.com\\\/#breadcrumb\"},\"inLanguage\":\"fr-FR\",\"potentialAction\":[{\"@type\":\"ReadAction\",\"target\":[\"https:\\\/\\\/markmarkus.com\\\/\"]}]},{\"@type\":\"ImageObject\",\"inLanguage\":\"fr-FR\",\"@id\":\"https:\\\/\\\/markmarkus.com\\\/#primaryimage\",\"url\":\"https:\\\/\\\/markmarkus.com\\\/wp-content\\\/uploads\\\/2024\\\/02\\\/markmarkus41.jpg\",\"contentUrl\":\"https:\\\/\\\/markmarkus.com\\\/wp-content\\\/uploads\\\/2024\\\/02\\\/markmarkus41.jpg\",\"width\":1200,\"height\":396,\"caption\":\"Logo\"},{\"@type\":\"BreadcrumbList\",\"@id\":\"https:\\\/\\\/markmarkus.com\\\/#breadcrumb\",\"itemListElement\":[{\"@type\":\"ListItem\",\"position\":1,\"name\":\"Accueil\",\"item\":\"https:\\\/\\\/markmarkus.com\\\/\"},{\"@type\":\"ListItem\",\"position\":2,\"name\":\"Marquages et supports pour vos besoins fun\u00e9raires\"}]},{\"@type\":\"WebSite\",\"@id\":\"https:\\\/\\\/markmarkus.com\\\/#website\",\"url\":\"https:\\\/\\\/markmarkus.com\\\/\",\"name\":\"https:\\\/\\\/markmarkus.com\\\/\",\"description\":\"Marquages et supports fun\u00e9raire\",\"publisher\":{\"@id\":\"https:\\\/\\\/markmarkus.com\\\/#organization\"},\"potentialAction\":[{\"@type\":\"SearchAction\",\"target\":{\"@type\":\"EntryPoint\",\"urlTemplate\":\"https:\\\/\\\/markmarkus.com\\\/?s={search_term_string}\"},\"query-input\":{\"@type\":\"PropertyValueSpecification\",\"valueRequired\":true,\"valueName\":\"search_term_string\"}}],\"inLanguage\":\"fr-FR\"},{\"@type\":\"Organization\",\"@id\":\"https:\\\/\\\/markmarkus.com\\\/#organization\",\"name\":\"https:\\\/\\\/markmarkus.com\\\/\",\"url\":\"https:\\\/\\\/markmarkus.com\\\/\",\"logo\":{\"@type\":\"ImageObject\",\"inLanguage\":\"fr-FR\",\"@id\":\"https:\\\/\\\/markmarkus.com\\\/#\\\/schema\\\/logo\\\/image\\\/\",\"url\":\"https:\\\/\\\/markmarkus.com\\\/wp-content\\\/uploads\\\/2024\\\/02\\\/markmarkus41.jpg\",\"contentUrl\":\"https:\\\/\\\/markmarkus.com\\\/wp-content\\\/uploads\\\/2024\\\/02\\\/markmarkus41.jpg\",\"width\":1200,\"height\":396,\"caption\":\"https:\\\/\\\/markmarkus.com\\\/\"},\"image\":{\"@id\":\"https:\\\/\\\/markmarkus.com\\\/#\\\/schema\\\/logo\\\/image\\\/\"}}]}<\/script>\n<!-- \/ Yoast SEO plugin. -->","yoast_head_json":{"title":"Marquages et supports pour vos besoins fun\u00e9raires - https:\/\/markmarkus.com\/","description":"Avec Mark Markus, nous proposons des marquages et supports vari\u00e9s pour couvrir vos besoins fun\u00e9raires \u00e0 toutes les \u00e9tapes de la c\u00e9r\u00e9monie.","robots":{"index":"index","follow":"follow","max-snippet":"max-snippet:-1","max-image-preview":"max-image-preview:large","max-video-preview":"max-video-preview:-1"},"canonical":"https:\/\/markmarkus.com\/","og_locale":"fr_FR","og_type":"article","og_title":"Marquages et supports pour vos besoins fun\u00e9raires - https:\/\/markmarkus.com\/","og_description":"Avec Mark Markus, nous proposons des marquages et supports vari\u00e9s pour couvrir vos besoins fun\u00e9raires \u00e0 toutes les \u00e9tapes de la c\u00e9r\u00e9monie.","og_url":"https:\/\/markmarkus.com\/","og_site_name":"https:\/\/markmarkus.com\/","article_modified_time":"2024-03-21T12:13:49+00:00","og_image":[{"url":"https:\/\/markmarkus.com\/wp-content\/uploads\/2024\/02\/markmarkus41-1024x338.jpg","type":"","width":"","height":""}],"twitter_card":"summary_large_image","twitter_misc":{"Dur\u00e9e de lecture estim\u00e9e":"2 minutes"},"schema":{"@context":"https:\/\/schema.org","@graph":[{"@type":"WebPage","@id":"https:\/\/markmarkus.com\/","url":"https:\/\/markmarkus.com\/","name":"Marquages et supports pour vos besoins fun\u00e9raires - https:\/\/markmarkus.com\/","isPartOf":{"@id":"https:\/\/markmarkus.com\/#website"},"primaryImageOfPage":{"@id":"https:\/\/markmarkus.com\/#primaryimage"},"image":{"@id":"https:\/\/markmarkus.com\/#primaryimage"},"thumbnailUrl":"https:\/\/markmarkus.com\/wp-content\/uploads\/2024\/02\/markmarkus41-1024x338.jpg","datePublished":"2024-02-25T07:25:34+00:00","dateModified":"2024-03-21T12:13:49+00:00","description":"Avec Mark Markus, nous proposons des marquages et supports vari\u00e9s pour couvrir vos besoins fun\u00e9raires \u00e0 toutes les \u00e9tapes de la c\u00e9r\u00e9monie.","breadcrumb":{"@id":"https:\/\/markmarkus.com\/#breadcrumb"},"inLanguage":"fr-FR","potentialAction":[{"@type":"ReadAction","target":["https:\/\/markmarkus.com\/"]}]},{"@type":"ImageObject","inLanguage":"fr-FR","@id":"https:\/\/markmarkus.com\/#primaryimage","url":"https:\/\/markmarkus.com\/wp-content\/uploads\/2024\/02\/markmarkus41.jpg","contentUrl":"https:\/\/markmarkus.com\/wp-content\/uploads\/2024\/02\/markmarkus41.jpg","width":1200,"height":396,"caption":"Logo"},{"@type":"BreadcrumbList","@id":"https:\/\/markmarkus.com\/#breadcrumb","itemListElement":[{"@type":"ListItem","position":1,"name":"Accueil","item":"https:\/\/markmarkus.com\/"},{"@type":"ListItem","position":2,"name":"Marquages et supports pour vos besoins fun\u00e9raires"}]},{"@type":"WebSite","@id":"https:\/\/markmarkus.com\/#website","url":"https:\/\/markmarkus.com\/","name":"https:\/\/markmarkus.com\/","description":"Marquages et supports fun\u00e9raire","publisher":{"@id":"https:\/\/markmarkus.com\/#organization"},"potentialAction":[{"@type":"SearchAction","target":{"@type":"EntryPoint","urlTemplate":"https:\/\/markmarkus.com\/?s={search_term_string}"},"query-input":{"@type":"PropertyValueSpecification","valueRequired":true,"valueName":"search_term_string"}}],"inLanguage":"fr-FR"},{"@type":"Organization","@id":"https:\/\/markmarkus.com\/#organization","name":"https:\/\/markmarkus.com\/","url":"https:\/\/markmarkus.com\/","logo":{"@type":"ImageObject","inLanguage":"fr-FR","@id":"https:\/\/markmarkus.com\/#\/schema\/logo\/image\/","url":"https:\/\/markmarkus.com\/wp-content\/uploads\/2024\/02\/markmarkus41.jpg","contentUrl":"https:\/\/markmarkus.com\/wp-content\/uploads\/2024\/02\/markmarkus41.jpg","width":1200,"height":396,"caption":"https:\/\/markmarkus.com\/"},"image":{"@id":"https:\/\/markmarkus.com\/#\/schema\/logo\/image\/"}}]}},"_links":{"self":[{"href":"https:\/\/markmarkus.com\/index.php\/wp-json\/wp\/v2\/pages\/35","targetHints":{"allow":["GET"]}}],"collection":[{"href":"https:\/\/markmarkus.com\/index.php\/wp-json\/wp\/v2\/pages"}],"about":[{"href":"https:\/\/markmarkus.com\/index.php\/wp-json\/wp\/v2\/types\/page"}],"author":[{"embeddable":true,"href":"https:\/\/markmarkus.com\/index.php\/wp-json\/wp\/v2\/users\/1"}],"replies":[{"embeddable":true,"href":"https:\/\/markmarkus.com\/index.php\/wp-json\/wp\/v2\/comments?post=35"}],"version-history":[{"count":16,"href":"https:\/\/markmarkus.com\/index.php\/wp-json\/wp\/v2\/pages\/35\/revisions"}],"predecessor-version":[{"id":285,"href":"https:\/\/markmarkus.com\/index.php\/wp-json\/wp\/v2\/pages\/35\/revisions\/285"}],"wp:attachment":[{"href":"https:\/\/markmarkus.com\/index.php\/wp-json\/wp\/v2\/media?parent=35"}],"curies":[{"name":"wp","href":"https:\/\/api.w.org\/{rel}","templated":true}]}}