{"id":84,"date":"2024-02-25T08:41:31","date_gmt":"2024-02-25T07:41:31","guid":{"rendered":"https:\/\/markmarkus.com\/?page_id=84"},"modified":"2024-02-25T17:51:39","modified_gmt":"2024-02-25T16:51:39","slug":"lettres","status":"publish","type":"page","link":"https:\/\/markmarkus.com\/index.php\/lettres\/","title":{"rendered":"Lettres"},"content":{"rendered":"\t\t<div data-elementor-type=\"wp-page\" data-elementor-id=\"84\" class=\"elementor elementor-84\" data-elementor-post-type=\"page\">\n\t\t\t\t<div class=\"elementor-element elementor-element-3c1f580 e-flex e-con-boxed e-con e-parent\" data-id=\"3c1f580\" data-element_type=\"container\" data-e-type=\"container\">\n\t\t\t\t\t<div class=\"e-con-inner\">\n\t\t\t\t<div class=\"elementor-element elementor-element-dc26b8d elementor-invisible elementor-widget elementor-widget-heading\" data-id=\"dc26b8d\" data-element_type=\"widget\" data-e-type=\"widget\" data-settings=\"{&quot;_animation&quot;:&quot;fadeIn&quot;}\" data-widget_type=\"heading.default\">\n\t\t\t\t<div class=\"elementor-widget-container\">\n\t\t\t\t\t<h1 class=\"elementor-heading-title elementor-size-default\">Les lettres<\/h1>\t\t\t\t<\/div>\n\t\t\t\t<\/div>\n\t\t\t\t<div class=\"elementor-element elementor-element-d0cd3b4 elementor-widget elementor-widget-heading\" data-id=\"d0cd3b4\" data-element_type=\"widget\" data-e-type=\"widget\" data-widget_type=\"heading.default\">\n\t\t\t\t<div class=\"elementor-widget-container\">\n\t\t\t\t\t<h3 class=\"elementor-heading-title elementor-size-default\">Sublimez chaque moment sp\u00e9cial avec nos lettres et chiffres adh\u00e9sifs dor\u00e9s en relief, une touche personnalis\u00e9e d'\u00e9l\u00e9gance pour rendre m\u00e9morables vos c\u00e9r\u00e9monies et souvenirs.\n\n<\/h3>\t\t\t\t<\/div>\n\t\t\t\t<\/div>\n\t\t\t\t\t<\/div>\n\t\t\t\t<\/div>\n\t\t<div class=\"elementor-element elementor-element-fb58134 e-flex e-con-boxed e-con e-parent\" data-id=\"fb58134\" data-element_type=\"container\" data-e-type=\"container\">\n\t\t\t\t\t<div class=\"e-con-inner\">\n\t\t\t\t<div class=\"elementor-element elementor-element-b8300a1 elementor-widget elementor-widget-text-editor\" data-id=\"b8300a1\" data-element_type=\"widget\" data-e-type=\"widget\" data-widget_type=\"text-editor.default\">\n\t\t\t\t<div class=\"elementor-widget-container\">\n\t\t\t\t\t\t\t\t\t<p class=\"p1\"><strong>Les lettres et chiffres adh\u00e9sifs sont divis\u00e9s en 3 cat\u00e9gories.<\/strong><\/p><p class=\"p1\">Les lettres en relief dor\u00e9es de 6 \u00e0 35 mm<\/p>\t\t\t\t\t\t\t\t<\/div>\n\t\t\t\t<\/div>\n\t\t\t\t\t<\/div>\n\t\t\t\t<\/div>\n\t\t<div class=\"elementor-element elementor-element-899fac3 e-flex e-con-boxed e-con e-parent\" data-id=\"899fac3\" data-element_type=\"container\" data-e-type=\"container\">\n\t\t\t\t\t<div class=\"e-con-inner\">\n\t\t\t\t<div class=\"elementor-element elementor-element-e0bafd7 elementor-widget elementor-widget-image\" data-id=\"e0bafd7\" data-element_type=\"widget\" data-e-type=\"widget\" data-widget_type=\"image.default\">\n\t\t\t\t<div class=\"elementor-widget-container\">\n\t\t\t\t\t\t\t\t\t\t\t\t\t\t\t<img fetchpriority=\"high\" decoding=\"async\" width=\"405\" height=\"233\" src=\"https:\/\/markmarkus.com\/wp-content\/uploads\/2024\/02\/2.jpg\" class=\"attachment-medium_large size-medium_large wp-image-122\" alt=\"\" srcset=\"https:\/\/markmarkus.com\/wp-content\/uploads\/2024\/02\/2.jpg 405w, https:\/\/markmarkus.com\/wp-content\/uploads\/2024\/02\/2-300x173.jpg 300w\" sizes=\"(max-width: 405px) 100vw, 405px\" \/>\t\t\t\t\t\t\t\t\t\t\t\t\t\t\t<\/div>\n\t\t\t\t<\/div>\n\t\t\t\t\t<\/div>\n\t\t\t\t<\/div>\n\t\t<div class=\"elementor-element elementor-element-dc0753b e-flex e-con-boxed e-con e-parent\" data-id=\"dc0753b\" data-element_type=\"container\" data-e-type=\"container\">\n\t\t\t\t\t<div class=\"e-con-inner\">\n\t\t<div class=\"elementor-element elementor-element-e4cb3cf e-con-full e-flex e-con e-child\" data-id=\"e4cb3cf\" data-element_type=\"container\" data-e-type=\"container\">\n\t\t\t\t<div class=\"elementor-element elementor-element-7662bee elementor-widget elementor-widget-image\" data-id=\"7662bee\" data-element_type=\"widget\" data-e-type=\"widget\" data-widget_type=\"image.default\">\n\t\t\t\t<div class=\"elementor-widget-container\">\n\t\t\t\t\t\t\t\t\t\t\t\t\t\t\t<img decoding=\"async\" width=\"768\" height=\"217\" src=\"https:\/\/markmarkus.com\/wp-content\/uploads\/2024\/02\/lettres-768x217.png\" class=\"attachment-medium_large size-medium_large wp-image-56\" alt=\"\" srcset=\"https:\/\/markmarkus.com\/wp-content\/uploads\/2024\/02\/lettres-768x217.png 768w, https:\/\/markmarkus.com\/wp-content\/uploads\/2024\/02\/lettres-300x85.png 300w, https:\/\/markmarkus.com\/wp-content\/uploads\/2024\/02\/lettres-1024x289.png 1024w, https:\/\/markmarkus.com\/wp-content\/uploads\/2024\/02\/lettres.png 1500w\" sizes=\"(max-width: 768px) 100vw, 768px\" \/>\t\t\t\t\t\t\t\t\t\t\t\t\t\t\t<\/div>\n\t\t\t\t<\/div>\n\t\t\t\t<\/div>\n\t\t<div class=\"elementor-element elementor-element-9d0bf54 e-con-full e-flex e-con e-child\" data-id=\"9d0bf54\" data-element_type=\"container\" data-e-type=\"container\">\n\t\t\t\t<div class=\"elementor-element elementor-element-a43512a elementor-widget elementor-widget-image\" data-id=\"a43512a\" data-element_type=\"widget\" data-e-type=\"widget\" data-widget_type=\"image.default\">\n\t\t\t\t<div class=\"elementor-widget-container\">\n\t\t\t\t\t\t\t\t\t\t\t\t\t\t\t<img decoding=\"async\" width=\"391\" height=\"257\" src=\"https:\/\/markmarkus.com\/wp-content\/uploads\/2024\/02\/8.jpg\" class=\"attachment-medium_large size-medium_large wp-image-128\" alt=\"\" srcset=\"https:\/\/markmarkus.com\/wp-content\/uploads\/2024\/02\/8.jpg 391w, https:\/\/markmarkus.com\/wp-content\/uploads\/2024\/02\/8-300x197.jpg 300w\" sizes=\"(max-width: 391px) 100vw, 391px\" \/>\t\t\t\t\t\t\t\t\t\t\t\t\t\t\t<\/div>\n\t\t\t\t<\/div>\n\t\t\t\t<\/div>\n\t\t\t\t\t<\/div>\n\t\t\t\t<\/div>\n\t\t<div class=\"elementor-element elementor-element-b695404 e-flex e-con-boxed e-con e-parent\" data-id=\"b695404\" data-element_type=\"container\" data-e-type=\"container\">\n\t\t\t\t\t<div class=\"e-con-inner\">\n\t\t<div class=\"elementor-element elementor-element-d853eb6 e-con-full e-flex e-con e-child\" data-id=\"d853eb6\" data-element_type=\"container\" data-e-type=\"container\">\n\t\t\t\t<div class=\"elementor-element elementor-element-284e530 elementor-widget elementor-widget-image\" data-id=\"284e530\" data-element_type=\"widget\" data-e-type=\"widget\" data-widget_type=\"image.default\">\n\t\t\t\t<div class=\"elementor-widget-container\">\n\t\t\t\t\t\t\t\t\t\t\t\t\t\t\t<img loading=\"lazy\" decoding=\"async\" width=\"250\" height=\"140\" src=\"https:\/\/markmarkus.com\/wp-content\/uploads\/2024\/02\/5.jpg\" class=\"attachment-medium_large size-medium_large wp-image-40\" alt=\"\" \/>\t\t\t\t\t\t\t\t\t\t\t\t\t\t\t<\/div>\n\t\t\t\t<\/div>\n\t\t\t\t<\/div>\n\t\t<div class=\"elementor-element elementor-element-827ee1d e-con-full e-flex e-con e-child\" data-id=\"827ee1d\" data-element_type=\"container\" data-e-type=\"container\">\n\t\t\t\t<div class=\"elementor-element elementor-element-7403daa elementor-widget elementor-widget-image\" data-id=\"7403daa\" data-element_type=\"widget\" data-e-type=\"widget\" data-widget_type=\"image.default\">\n\t\t\t\t<div class=\"elementor-widget-container\">\n\t\t\t\t\t\t\t\t\t\t\t\t\t\t\t<img loading=\"lazy\" decoding=\"async\" width=\"298\" height=\"170\" src=\"https:\/\/markmarkus.com\/wp-content\/uploads\/2024\/02\/3-1.jpg\" class=\"attachment-medium_large size-medium_large wp-image-123\" alt=\"\" \/>\t\t\t\t\t\t\t\t\t\t\t\t\t\t\t<\/div>\n\t\t\t\t<\/div>\n\t\t\t\t<\/div>\n\t\t\t\t\t<\/div>\n\t\t\t\t<\/div>\n\t\t\t\t<\/div>\n\t\t","protected":false},"excerpt":{"rendered":"<p>Les lettres Sublimez chaque moment sp\u00e9cial avec nos lettres et chiffres adh\u00e9sifs dor\u00e9s en relief, une touche personnalis\u00e9e d&rsquo;\u00e9l\u00e9gance pour rendre m\u00e9morables vos c\u00e9r\u00e9monies et souvenirs. Les lettres et chiffres adh\u00e9sifs sont divis\u00e9s en 3 cat\u00e9gories. Les lettres en relief dor\u00e9es de 6 \u00e0 35 mm<\/p>\n","protected":false},"author":1,"featured_media":0,"parent":0,"menu_order":0,"comment_status":"closed","ping_status":"closed","template":"","meta":{"footnotes":""},"class_list":["post-84","page","type-page","status-publish","hentry"],"yoast_head":"<!-- This site is optimized with the Yoast SEO plugin v27.4 - https:\/\/yoast.com\/product\/yoast-seo-wordpress\/ -->\n<title>Lettres - https:\/\/markmarkus.com\/<\/title>\n<meta name=\"description\" content=\"Les lettres et chiffres adh\u00e9sifs en relief dor\u00e9es de 6 \u00e0 35 mm\" \/>\n<meta name=\"robots\" content=\"index, follow, max-snippet:-1, max-image-preview:large, max-video-preview:-1\" \/>\n<link rel=\"canonical\" href=\"https:\/\/markmarkus.com\/index.php\/lettres\/\" \/>\n<meta property=\"og:locale\" content=\"fr_FR\" \/>\n<meta property=\"og:type\" content=\"article\" \/>\n<meta property=\"og:title\" content=\"Lettres - https:\/\/markmarkus.com\/\" \/>\n<meta property=\"og:description\" content=\"Les lettres et chiffres adh\u00e9sifs en relief dor\u00e9es de 6 \u00e0 35 mm\" \/>\n<meta property=\"og:url\" content=\"https:\/\/markmarkus.com\/index.php\/lettres\/\" \/>\n<meta property=\"og:site_name\" content=\"https:\/\/markmarkus.com\/\" \/>\n<meta property=\"article:modified_time\" content=\"2024-02-25T16:51:39+00:00\" \/>\n<meta property=\"og:image\" content=\"https:\/\/markmarkus.com\/wp-content\/uploads\/2024\/02\/2.jpg\" \/>\n<meta name=\"twitter:card\" content=\"summary_large_image\" \/>\n<meta name=\"twitter:label1\" content=\"Dur\u00e9e de lecture estim\u00e9e\" \/>\n\t<meta name=\"twitter:data1\" content=\"2 minutes\" \/>\n<script type=\"application\/ld+json\" class=\"yoast-schema-graph\">{\"@context\":\"https:\\\/\\\/schema.org\",\"@graph\":[{\"@type\":\"WebPage\",\"@id\":\"https:\\\/\\\/markmarkus.com\\\/index.php\\\/lettres\\\/\",\"url\":\"https:\\\/\\\/markmarkus.com\\\/index.php\\\/lettres\\\/\",\"name\":\"Lettres - https:\\\/\\\/markmarkus.com\\\/\",\"isPartOf\":{\"@id\":\"https:\\\/\\\/markmarkus.com\\\/#website\"},\"primaryImageOfPage\":{\"@id\":\"https:\\\/\\\/markmarkus.com\\\/index.php\\\/lettres\\\/#primaryimage\"},\"image\":{\"@id\":\"https:\\\/\\\/markmarkus.com\\\/index.php\\\/lettres\\\/#primaryimage\"},\"thumbnailUrl\":\"https:\\\/\\\/markmarkus.com\\\/wp-content\\\/uploads\\\/2024\\\/02\\\/2.jpg\",\"datePublished\":\"2024-02-25T07:41:31+00:00\",\"dateModified\":\"2024-02-25T16:51:39+00:00\",\"description\":\"Les lettres et chiffres adh\u00e9sifs en relief dor\u00e9es de 6 \u00e0 35 mm\",\"breadcrumb\":{\"@id\":\"https:\\\/\\\/markmarkus.com\\\/index.php\\\/lettres\\\/#breadcrumb\"},\"inLanguage\":\"fr-FR\",\"potentialAction\":[{\"@type\":\"ReadAction\",\"target\":[\"https:\\\/\\\/markmarkus.com\\\/index.php\\\/lettres\\\/\"]}]},{\"@type\":\"ImageObject\",\"inLanguage\":\"fr-FR\",\"@id\":\"https:\\\/\\\/markmarkus.com\\\/index.php\\\/lettres\\\/#primaryimage\",\"url\":\"https:\\\/\\\/markmarkus.com\\\/wp-content\\\/uploads\\\/2024\\\/02\\\/2.jpg\",\"contentUrl\":\"https:\\\/\\\/markmarkus.com\\\/wp-content\\\/uploads\\\/2024\\\/02\\\/2.jpg\",\"width\":405,\"height\":233},{\"@type\":\"BreadcrumbList\",\"@id\":\"https:\\\/\\\/markmarkus.com\\\/index.php\\\/lettres\\\/#breadcrumb\",\"itemListElement\":[{\"@type\":\"ListItem\",\"position\":1,\"name\":\"Accueil\",\"item\":\"https:\\\/\\\/markmarkus.com\\\/\"},{\"@type\":\"ListItem\",\"position\":2,\"name\":\"Lettres\"}]},{\"@type\":\"WebSite\",\"@id\":\"https:\\\/\\\/markmarkus.com\\\/#website\",\"url\":\"https:\\\/\\\/markmarkus.com\\\/\",\"name\":\"https:\\\/\\\/markmarkus.com\\\/\",\"description\":\"Marquages et supports fun\u00e9raire\",\"publisher\":{\"@id\":\"https:\\\/\\\/markmarkus.com\\\/#organization\"},\"potentialAction\":[{\"@type\":\"SearchAction\",\"target\":{\"@type\":\"EntryPoint\",\"urlTemplate\":\"https:\\\/\\\/markmarkus.com\\\/?s={search_term_string}\"},\"query-input\":{\"@type\":\"PropertyValueSpecification\",\"valueRequired\":true,\"valueName\":\"search_term_string\"}}],\"inLanguage\":\"fr-FR\"},{\"@type\":\"Organization\",\"@id\":\"https:\\\/\\\/markmarkus.com\\\/#organization\",\"name\":\"https:\\\/\\\/markmarkus.com\\\/\",\"url\":\"https:\\\/\\\/markmarkus.com\\\/\",\"logo\":{\"@type\":\"ImageObject\",\"inLanguage\":\"fr-FR\",\"@id\":\"https:\\\/\\\/markmarkus.com\\\/#\\\/schema\\\/logo\\\/image\\\/\",\"url\":\"https:\\\/\\\/markmarkus.com\\\/wp-content\\\/uploads\\\/2024\\\/02\\\/markmarkus41.jpg\",\"contentUrl\":\"https:\\\/\\\/markmarkus.com\\\/wp-content\\\/uploads\\\/2024\\\/02\\\/markmarkus41.jpg\",\"width\":1200,\"height\":396,\"caption\":\"https:\\\/\\\/markmarkus.com\\\/\"},\"image\":{\"@id\":\"https:\\\/\\\/markmarkus.com\\\/#\\\/schema\\\/logo\\\/image\\\/\"}}]}<\/script>\n<!-- \/ Yoast SEO plugin. -->","yoast_head_json":{"title":"Lettres - https:\/\/markmarkus.com\/","description":"Les lettres et chiffres adh\u00e9sifs en relief dor\u00e9es de 6 \u00e0 35 mm","robots":{"index":"index","follow":"follow","max-snippet":"max-snippet:-1","max-image-preview":"max-image-preview:large","max-video-preview":"max-video-preview:-1"},"canonical":"https:\/\/markmarkus.com\/index.php\/lettres\/","og_locale":"fr_FR","og_type":"article","og_title":"Lettres - https:\/\/markmarkus.com\/","og_description":"Les lettres et chiffres adh\u00e9sifs en relief dor\u00e9es de 6 \u00e0 35 mm","og_url":"https:\/\/markmarkus.com\/index.php\/lettres\/","og_site_name":"https:\/\/markmarkus.com\/","article_modified_time":"2024-02-25T16:51:39+00:00","og_image":[{"url":"https:\/\/markmarkus.com\/wp-content\/uploads\/2024\/02\/2.jpg","type":"","width":"","height":""}],"twitter_card":"summary_large_image","twitter_misc":{"Dur\u00e9e de lecture estim\u00e9e":"2 minutes"},"schema":{"@context":"https:\/\/schema.org","@graph":[{"@type":"WebPage","@id":"https:\/\/markmarkus.com\/index.php\/lettres\/","url":"https:\/\/markmarkus.com\/index.php\/lettres\/","name":"Lettres - https:\/\/markmarkus.com\/","isPartOf":{"@id":"https:\/\/markmarkus.com\/#website"},"primaryImageOfPage":{"@id":"https:\/\/markmarkus.com\/index.php\/lettres\/#primaryimage"},"image":{"@id":"https:\/\/markmarkus.com\/index.php\/lettres\/#primaryimage"},"thumbnailUrl":"https:\/\/markmarkus.com\/wp-content\/uploads\/2024\/02\/2.jpg","datePublished":"2024-02-25T07:41:31+00:00","dateModified":"2024-02-25T16:51:39+00:00","description":"Les lettres et chiffres adh\u00e9sifs en relief dor\u00e9es de 6 \u00e0 35 mm","breadcrumb":{"@id":"https:\/\/markmarkus.com\/index.php\/lettres\/#breadcrumb"},"inLanguage":"fr-FR","potentialAction":[{"@type":"ReadAction","target":["https:\/\/markmarkus.com\/index.php\/lettres\/"]}]},{"@type":"ImageObject","inLanguage":"fr-FR","@id":"https:\/\/markmarkus.com\/index.php\/lettres\/#primaryimage","url":"https:\/\/markmarkus.com\/wp-content\/uploads\/2024\/02\/2.jpg","contentUrl":"https:\/\/markmarkus.com\/wp-content\/uploads\/2024\/02\/2.jpg","width":405,"height":233},{"@type":"BreadcrumbList","@id":"https:\/\/markmarkus.com\/index.php\/lettres\/#breadcrumb","itemListElement":[{"@type":"ListItem","position":1,"name":"Accueil","item":"https:\/\/markmarkus.com\/"},{"@type":"ListItem","position":2,"name":"Lettres"}]},{"@type":"WebSite","@id":"https:\/\/markmarkus.com\/#website","url":"https:\/\/markmarkus.com\/","name":"https:\/\/markmarkus.com\/","description":"Marquages et supports fun\u00e9raire","publisher":{"@id":"https:\/\/markmarkus.com\/#organization"},"potentialAction":[{"@type":"SearchAction","target":{"@type":"EntryPoint","urlTemplate":"https:\/\/markmarkus.com\/?s={search_term_string}"},"query-input":{"@type":"PropertyValueSpecification","valueRequired":true,"valueName":"search_term_string"}}],"inLanguage":"fr-FR"},{"@type":"Organization","@id":"https:\/\/markmarkus.com\/#organization","name":"https:\/\/markmarkus.com\/","url":"https:\/\/markmarkus.com\/","logo":{"@type":"ImageObject","inLanguage":"fr-FR","@id":"https:\/\/markmarkus.com\/#\/schema\/logo\/image\/","url":"https:\/\/markmarkus.com\/wp-content\/uploads\/2024\/02\/markmarkus41.jpg","contentUrl":"https:\/\/markmarkus.com\/wp-content\/uploads\/2024\/02\/markmarkus41.jpg","width":1200,"height":396,"caption":"https:\/\/markmarkus.com\/"},"image":{"@id":"https:\/\/markmarkus.com\/#\/schema\/logo\/image\/"}}]}},"_links":{"self":[{"href":"https:\/\/markmarkus.com\/index.php\/wp-json\/wp\/v2\/pages\/84","targetHints":{"allow":["GET"]}}],"collection":[{"href":"https:\/\/markmarkus.com\/index.php\/wp-json\/wp\/v2\/pages"}],"about":[{"href":"https:\/\/markmarkus.com\/index.php\/wp-json\/wp\/v2\/types\/page"}],"author":[{"embeddable":true,"href":"https:\/\/markmarkus.com\/index.php\/wp-json\/wp\/v2\/users\/1"}],"replies":[{"embeddable":true,"href":"https:\/\/markmarkus.com\/index.php\/wp-json\/wp\/v2\/comments?post=84"}],"version-history":[{"count":9,"href":"https:\/\/markmarkus.com\/index.php\/wp-json\/wp\/v2\/pages\/84\/revisions"}],"predecessor-version":[{"id":257,"href":"https:\/\/markmarkus.com\/index.php\/wp-json\/wp\/v2\/pages\/84\/revisions\/257"}],"wp:attachment":[{"href":"https:\/\/markmarkus.com\/index.php\/wp-json\/wp\/v2\/media?parent=84"}],"curies":[{"name":"wp","href":"https:\/\/api.w.org\/{rel}","templated":true}]}}