{"id":90,"date":"2024-02-25T09:01:22","date_gmt":"2024-02-25T08:01:22","guid":{"rendered":"https:\/\/markmarkus.com\/?page_id=90"},"modified":"2024-02-25T18:21:16","modified_gmt":"2024-02-25T17:21:16","slug":"plaques-ceremoniales","status":"publish","type":"page","link":"https:\/\/markmarkus.com\/index.php\/plaques-ceremoniales\/","title":{"rendered":"Plaques c\u00e9r\u00e9moniales"},"content":{"rendered":"\t\t<div data-elementor-type=\"wp-page\" data-elementor-id=\"90\" class=\"elementor elementor-90\" data-elementor-post-type=\"page\">\n\t\t\t\t<div class=\"elementor-element elementor-element-b2d1470 e-flex e-con-boxed e-con e-parent\" data-id=\"b2d1470\" data-element_type=\"container\" data-e-type=\"container\">\n\t\t\t\t\t<div class=\"e-con-inner\">\n\t\t\t\t<div class=\"elementor-element elementor-element-be7e738 elementor-widget elementor-widget-heading\" data-id=\"be7e738\" data-element_type=\"widget\" data-e-type=\"widget\" data-widget_type=\"heading.default\">\n\t\t\t\t<div class=\"elementor-widget-container\">\n\t\t\t\t\t<h3 class=\"elementor-heading-title elementor-size-default\">Cr\u00e9ez des moments inoubliables avec notre collection exclusive de plaques c\u00e9r\u00e9moniales, alliant qualit\u00e9 et \u00e9l\u00e9gance pour immortaliser chaque \u00e9v\u00e9nement important de mani\u00e8re unique et raffin\u00e9e.<\/h3>\t\t\t\t<\/div>\n\t\t\t\t<\/div>\n\t\t\t\t<div class=\"elementor-element elementor-element-b73f4b5 elementor-invisible elementor-widget elementor-widget-heading\" data-id=\"b73f4b5\" data-element_type=\"widget\" data-e-type=\"widget\" data-settings=\"{&quot;_animation&quot;:&quot;fadeIn&quot;}\" data-widget_type=\"heading.default\">\n\t\t\t\t<div class=\"elementor-widget-container\">\n\t\t\t\t\t<h1 class=\"elementor-heading-title elementor-size-default\">Accessoires du c\u00e9r\u00e9monial<\/h1>\t\t\t\t<\/div>\n\t\t\t\t<\/div>\n\t\t\t\t<div class=\"elementor-element elementor-element-4cba020 elementor-widget elementor-widget-text-editor\" data-id=\"4cba020\" data-element_type=\"widget\" data-e-type=\"widget\" data-widget_type=\"text-editor.default\">\n\t\t\t\t<div class=\"elementor-widget-container\">\n\t\t\t\t\t\t\t\t\t<p class=\"p1\">CADRE FUNERAIRE (r\u00e9utilisable)<\/p><p class=\"p1\">pour plaque c\u00e9r\u00e9moniale et petite plaque c\u00e9r\u00e9moniale en bois dor\u00e9 or antique<\/p>\t\t\t\t\t\t\t\t<\/div>\n\t\t\t\t<\/div>\n\t\t\t\t\t<\/div>\n\t\t\t\t<\/div>\n\t\t<div class=\"elementor-element elementor-element-c71946d e-flex e-con-boxed e-con e-parent\" data-id=\"c71946d\" data-element_type=\"container\" data-e-type=\"container\">\n\t\t\t\t\t<div class=\"e-con-inner\">\n\t\t<div class=\"elementor-element elementor-element-bae45a2 e-con-full e-flex e-con e-child\" data-id=\"bae45a2\" data-element_type=\"container\" data-e-type=\"container\">\n\t\t\t\t<div class=\"elementor-element elementor-element-5cf0fc0 elementor-widget elementor-widget-image\" data-id=\"5cf0fc0\" data-element_type=\"widget\" data-e-type=\"widget\" data-widget_type=\"image.default\">\n\t\t\t\t<div class=\"elementor-widget-container\">\n\t\t\t\t\t\t\t\t\t\t\t\t\t\t\t<img fetchpriority=\"high\" decoding=\"async\" width=\"767\" height=\"610\" src=\"https:\/\/markmarkus.com\/wp-content\/uploads\/2024\/02\/7_1.jpg\" class=\"attachment-medium_large size-medium_large wp-image-43\" alt=\"\" srcset=\"https:\/\/markmarkus.com\/wp-content\/uploads\/2024\/02\/7_1.jpg 767w, https:\/\/markmarkus.com\/wp-content\/uploads\/2024\/02\/7_1-300x239.jpg 300w\" sizes=\"(max-width: 767px) 100vw, 767px\" \/>\t\t\t\t\t\t\t\t\t\t\t\t\t\t\t<\/div>\n\t\t\t\t<\/div>\n\t\t\t\t<\/div>\n\t\t\t\t\t<\/div>\n\t\t\t\t<\/div>\n\t\t<div class=\"elementor-element elementor-element-6ca313a e-flex e-con-boxed e-con e-parent\" data-id=\"6ca313a\" data-element_type=\"container\" data-e-type=\"container\">\n\t\t\t\t\t<div class=\"e-con-inner\">\n\t\t\t\t<div class=\"elementor-element elementor-element-fac68a0 elementor-invisible elementor-widget elementor-widget-heading\" data-id=\"fac68a0\" data-element_type=\"widget\" data-e-type=\"widget\" data-settings=\"{&quot;_animation&quot;:&quot;fadeIn&quot;}\" data-widget_type=\"heading.default\">\n\t\t\t\t<div class=\"elementor-widget-container\">\n\t\t\t\t\t<h2 class=\"elementor-heading-title elementor-size-default\">Plaques c\u00e9r\u00e9moniales<\/h2>\t\t\t\t<\/div>\n\t\t\t\t<\/div>\n\t\t\t\t\t<\/div>\n\t\t\t\t<\/div>\n\t\t<div class=\"elementor-element elementor-element-acb6173 e-flex e-con-boxed e-con e-parent\" data-id=\"acb6173\" data-element_type=\"container\" data-e-type=\"container\">\n\t\t\t\t\t<div class=\"e-con-inner\">\n\t\t<div class=\"elementor-element elementor-element-9f626d8 e-con-full e-flex e-con e-child\" data-id=\"9f626d8\" data-element_type=\"container\" data-e-type=\"container\">\n\t\t\t\t<div class=\"elementor-element elementor-element-99e5999 elementor-widget elementor-widget-text-editor\" data-id=\"99e5999\" data-element_type=\"widget\" data-e-type=\"widget\" data-widget_type=\"text-editor.default\">\n\t\t\t\t<div class=\"elementor-widget-container\">\n\t\t\t\t\t\t\t\t\t<p>\u00a0<\/p><p class=\"p1\"><strong>PLAQUE CEREMONIALE<\/strong><\/p><p class=\"p1\"><strong>PLAQUE DE CERCUEIL<\/strong><\/p><p>191 X 50 mm adh\u00e9sive en aluminium anodis\u00e9 or<\/p>\t\t\t\t\t\t\t\t<\/div>\n\t\t\t\t<\/div>\n\t\t\t\t<\/div>\n\t\t<div class=\"elementor-element elementor-element-f6f9798 e-con-full e-flex e-con e-child\" data-id=\"f6f9798\" data-element_type=\"container\" data-e-type=\"container\">\n\t\t\t\t<div class=\"elementor-element elementor-element-b2507fe elementor-widget elementor-widget-image\" data-id=\"b2507fe\" data-element_type=\"widget\" data-e-type=\"widget\" data-widget_type=\"image.default\">\n\t\t\t\t<div class=\"elementor-widget-container\">\n\t\t\t\t\t\t\t\t\t\t\t\t\t\t\t<img decoding=\"async\" width=\"767\" height=\"854\" src=\"https:\/\/markmarkus.com\/wp-content\/uploads\/2024\/02\/affiche3.png\" class=\"attachment-medium_large size-medium_large wp-image-49\" alt=\"\" srcset=\"https:\/\/markmarkus.com\/wp-content\/uploads\/2024\/02\/affiche3.png 767w, https:\/\/markmarkus.com\/wp-content\/uploads\/2024\/02\/affiche3-269x300.png 269w\" sizes=\"(max-width: 767px) 100vw, 767px\" \/>\t\t\t\t\t\t\t\t\t\t\t\t\t\t\t<\/div>\n\t\t\t\t<\/div>\n\t\t\t\t<\/div>\n\t\t\t\t\t<\/div>\n\t\t\t\t<\/div>\n\t\t<div class=\"elementor-element elementor-element-c6b4b66 e-flex e-con-boxed e-con e-parent\" data-id=\"c6b4b66\" data-element_type=\"container\" data-e-type=\"container\">\n\t\t\t\t\t<div class=\"e-con-inner\">\n\t\t\t\t<div class=\"elementor-element elementor-element-eff76a5 elementor-widget-divider--view-line elementor-widget elementor-widget-divider\" data-id=\"eff76a5\" data-element_type=\"widget\" data-e-type=\"widget\" data-widget_type=\"divider.default\">\n\t\t\t\t<div class=\"elementor-widget-container\">\n\t\t\t\t\t\t\t<div class=\"elementor-divider\">\n\t\t\t<span class=\"elementor-divider-separator\">\n\t\t\t\t\t\t<\/span>\n\t\t<\/div>\n\t\t\t\t\t\t<\/div>\n\t\t\t\t<\/div>\n\t\t\t\t\t<\/div>\n\t\t\t\t<\/div>\n\t\t<div class=\"elementor-element elementor-element-2248c41 e-flex e-con-boxed e-con e-parent\" data-id=\"2248c41\" data-element_type=\"container\" data-e-type=\"container\">\n\t\t\t\t\t<div class=\"e-con-inner\">\n\t\t<div class=\"elementor-element elementor-element-ff994a6 e-con-full e-flex e-con e-child\" data-id=\"ff994a6\" data-element_type=\"container\" data-e-type=\"container\">\n\t\t\t\t<div class=\"elementor-element elementor-element-3fd00bb elementor-widget elementor-widget-text-editor\" data-id=\"3fd00bb\" data-element_type=\"widget\" data-e-type=\"widget\" data-widget_type=\"text-editor.default\">\n\t\t\t\t<div class=\"elementor-widget-container\">\n\t\t\t\t\t\t\t\t\t<p class=\"p1\"><strong>PETITE PLAQUE CEREMONIALE<\/strong><\/p><p class=\"p1\">146 x 38 mm adh\u00e9sive en aluminium anodis\u00e9 or<\/p><p class=\"p1\">MARC ROBIN<\/p><p class=\"p1\">1924 \u2022 1998<\/p><p class=\"p1\">INTERS ALU<\/p><p class=\"p1\">(se collent ou se vissent)<\/p><p class=\"p1\">Marquage 12 ou 6 mm<\/p><p class=\"p1\">(pour des textes sur 2 lignes)<\/p>\t\t\t\t\t\t\t\t<\/div>\n\t\t\t\t<\/div>\n\t\t\t\t<\/div>\n\t\t<div class=\"elementor-element elementor-element-a4b06ef e-con-full e-flex e-con e-child\" data-id=\"a4b06ef\" data-element_type=\"container\" data-e-type=\"container\">\n\t\t<div class=\"elementor-element elementor-element-1372829 e-flex e-con-boxed e-con e-child\" data-id=\"1372829\" data-element_type=\"container\" data-e-type=\"container\">\n\t\t\t\t\t<div class=\"e-con-inner\">\n\t\t\t\t<div class=\"elementor-element elementor-element-3d61914 elementor-widget elementor-widget-image\" data-id=\"3d61914\" data-element_type=\"widget\" data-e-type=\"widget\" data-widget_type=\"image.default\">\n\t\t\t\t<div class=\"elementor-widget-container\">\n\t\t\t\t\t\t\t\t\t\t\t\t\t\t\t<img decoding=\"async\" width=\"324\" height=\"81\" src=\"https:\/\/markmarkus.com\/wp-content\/uploads\/2024\/02\/petite.png\" class=\"attachment-medium_large size-medium_large wp-image-63\" alt=\"\" srcset=\"https:\/\/markmarkus.com\/wp-content\/uploads\/2024\/02\/petite.png 324w, https:\/\/markmarkus.com\/wp-content\/uploads\/2024\/02\/petite-300x75.png 300w\" sizes=\"(max-width: 324px) 100vw, 324px\" \/>\t\t\t\t\t\t\t\t\t\t\t\t\t\t\t<\/div>\n\t\t\t\t<\/div>\n\t\t\t\t\t<\/div>\n\t\t\t\t<\/div>\n\t\t<div class=\"elementor-element elementor-element-555283c e-flex e-con-boxed e-con e-child\" data-id=\"555283c\" data-element_type=\"container\" data-e-type=\"container\">\n\t\t\t\t\t<div class=\"e-con-inner\">\n\t\t\t\t<div class=\"elementor-element elementor-element-24ffbdf elementor-widget elementor-widget-image\" data-id=\"24ffbdf\" data-element_type=\"widget\" data-e-type=\"widget\" data-widget_type=\"image.default\">\n\t\t\t\t<div class=\"elementor-widget-container\">\n\t\t\t\t\t\t\t\t\t\t\t\t\t\t\t<img loading=\"lazy\" decoding=\"async\" width=\"768\" height=\"162\" src=\"https:\/\/markmarkus.com\/wp-content\/uploads\/2024\/02\/petite-plaque-768x162.png\" class=\"attachment-medium_large size-medium_large wp-image-62\" alt=\"\" srcset=\"https:\/\/markmarkus.com\/wp-content\/uploads\/2024\/02\/petite-plaque-768x162.png 768w, https:\/\/markmarkus.com\/wp-content\/uploads\/2024\/02\/petite-plaque-300x63.png 300w, https:\/\/markmarkus.com\/wp-content\/uploads\/2024\/02\/petite-plaque.png 799w\" sizes=\"(max-width: 768px) 100vw, 768px\" \/>\t\t\t\t\t\t\t\t\t\t\t\t\t\t\t<\/div>\n\t\t\t\t<\/div>\n\t\t\t\t<div class=\"elementor-element elementor-element-e9162d6 elementor-widget elementor-widget-image\" data-id=\"e9162d6\" data-element_type=\"widget\" data-e-type=\"widget\" data-widget_type=\"image.default\">\n\t\t\t\t<div class=\"elementor-widget-container\">\n\t\t\t\t\t\t\t\t\t\t\t\t\t\t\t<img loading=\"lazy\" decoding=\"async\" width=\"767\" height=\"623\" src=\"https:\/\/markmarkus.com\/wp-content\/uploads\/2024\/02\/plaque3.png\" class=\"attachment-medium_large size-medium_large wp-image-67\" alt=\"\" srcset=\"https:\/\/markmarkus.com\/wp-content\/uploads\/2024\/02\/plaque3.png 767w, https:\/\/markmarkus.com\/wp-content\/uploads\/2024\/02\/plaque3-300x244.png 300w\" sizes=\"(max-width: 767px) 100vw, 767px\" \/>\t\t\t\t\t\t\t\t\t\t\t\t\t\t\t<\/div>\n\t\t\t\t<\/div>\n\t\t\t\t\t<\/div>\n\t\t\t\t<\/div>\n\t\t\t\t<\/div>\n\t\t\t\t\t<\/div>\n\t\t\t\t<\/div>\n\t\t<div class=\"elementor-element elementor-element-62af367 e-flex e-con-boxed e-con e-parent\" data-id=\"62af367\" data-element_type=\"container\" data-e-type=\"container\">\n\t\t\t\t\t<div class=\"e-con-inner\">\n\t\t<div class=\"elementor-element elementor-element-699f3eb e-con-full e-flex e-con e-child\" data-id=\"699f3eb\" data-element_type=\"container\" data-e-type=\"container\">\n\t\t\t\t<div class=\"elementor-element elementor-element-32b5c5d elementor-widget elementor-widget-text-editor\" data-id=\"32b5c5d\" data-element_type=\"widget\" data-e-type=\"widget\" data-widget_type=\"text-editor.default\">\n\t\t\t\t<div class=\"elementor-widget-container\">\n\t\t\t\t\t\t\t\t\t<p>\u00a0<\/p><p class=\"p1\">PLAQUE D&rsquo;URNE SOUPLE<\/p><p class=\"p1\">Coloris au choix<\/p><p class=\"p1\">88 x 38 mm adh\u00e9sive en polyester<\/p>\t\t\t\t\t\t\t\t<\/div>\n\t\t\t\t<\/div>\n\t\t\t\t<\/div>\n\t\t<div class=\"elementor-element elementor-element-7da7fce e-con-full e-flex e-con e-child\" data-id=\"7da7fce\" data-element_type=\"container\" data-e-type=\"container\">\n\t\t\t\t<div class=\"elementor-element elementor-element-a9ca983 elementor-widget elementor-widget-image\" data-id=\"a9ca983\" data-element_type=\"widget\" data-e-type=\"widget\" data-widget_type=\"image.default\">\n\t\t\t\t<div class=\"elementor-widget-container\">\n\t\t\t\t\t\t\t\t\t\t\t\t\t\t\t<img loading=\"lazy\" decoding=\"async\" width=\"536\" height=\"294\" src=\"https:\/\/markmarkus.com\/wp-content\/uploads\/2024\/02\/6_1.jpg\" class=\"attachment-medium_large size-medium_large wp-image-41\" alt=\"\" srcset=\"https:\/\/markmarkus.com\/wp-content\/uploads\/2024\/02\/6_1.jpg 536w, https:\/\/markmarkus.com\/wp-content\/uploads\/2024\/02\/6_1-300x165.jpg 300w\" sizes=\"(max-width: 536px) 100vw, 536px\" \/>\t\t\t\t\t\t\t\t\t\t\t\t\t\t\t<\/div>\n\t\t\t\t<\/div>\n\t\t\t\t<\/div>\n\t\t\t\t\t<\/div>\n\t\t\t\t<\/div>\n\t\t<div class=\"elementor-element elementor-element-28d9503 e-flex e-con-boxed e-con e-parent\" data-id=\"28d9503\" data-element_type=\"container\" data-e-type=\"container\">\n\t\t\t\t\t<div class=\"e-con-inner\">\n\t\t<div class=\"elementor-element elementor-element-478c021 e-con-full e-flex e-con e-child\" data-id=\"478c021\" data-element_type=\"container\" data-e-type=\"container\">\n\t\t\t\t<div class=\"elementor-element elementor-element-61ded8b elementor-widget elementor-widget-image\" data-id=\"61ded8b\" data-element_type=\"widget\" data-e-type=\"widget\" data-widget_type=\"image.default\">\n\t\t\t\t<div class=\"elementor-widget-container\">\n\t\t\t\t\t\t\t\t\t\t\t\t\t\t\t<img loading=\"lazy\" decoding=\"async\" width=\"273\" height=\"300\" src=\"https:\/\/markmarkus.com\/wp-content\/uploads\/2024\/02\/14_1-273x300.jpg\" class=\"attachment-medium size-medium wp-image-46\" alt=\"\" srcset=\"https:\/\/markmarkus.com\/wp-content\/uploads\/2024\/02\/14_1-273x300.jpg 273w, https:\/\/markmarkus.com\/wp-content\/uploads\/2024\/02\/14_1.jpg 454w\" sizes=\"(max-width: 273px) 100vw, 273px\" \/>\t\t\t\t\t\t\t\t\t\t\t\t\t\t\t<\/div>\n\t\t\t\t<\/div>\n\t\t\t\t<\/div>\n\t\t<div class=\"elementor-element elementor-element-3a285aa e-con-full e-flex e-con e-child\" data-id=\"3a285aa\" data-element_type=\"container\" data-e-type=\"container\">\n\t\t\t\t<div class=\"elementor-element elementor-element-2bd1d4c elementor-widget elementor-widget-image\" data-id=\"2bd1d4c\" data-element_type=\"widget\" data-e-type=\"widget\" data-widget_type=\"image.default\">\n\t\t\t\t<div class=\"elementor-widget-container\">\n\t\t\t\t\t\t\t\t\t\t\t\t\t\t\t<img loading=\"lazy\" decoding=\"async\" width=\"286\" height=\"300\" src=\"https:\/\/markmarkus.com\/wp-content\/uploads\/2024\/02\/hurne-286x300.png\" class=\"attachment-medium size-medium wp-image-55\" alt=\"\" srcset=\"https:\/\/markmarkus.com\/wp-content\/uploads\/2024\/02\/hurne-286x300.png 286w, https:\/\/markmarkus.com\/wp-content\/uploads\/2024\/02\/hurne.png 767w\" sizes=\"(max-width: 286px) 100vw, 286px\" \/>\t\t\t\t\t\t\t\t\t\t\t\t\t\t\t<\/div>\n\t\t\t\t<\/div>\n\t\t\t\t<\/div>\n\t\t\t\t\t<\/div>\n\t\t\t\t<\/div>\n\t\t<div class=\"elementor-element elementor-element-076917e e-flex e-con-boxed e-con e-parent\" data-id=\"076917e\" data-element_type=\"container\" data-e-type=\"container\">\n\t\t\t\t\t<div class=\"e-con-inner\">\n\t\t\t\t\t<\/div>\n\t\t\t\t<\/div>\n\t\t\t\t<\/div>\n\t\t","protected":false},"excerpt":{"rendered":"<p>Cr\u00e9ez des moments inoubliables avec notre collection exclusive de plaques c\u00e9r\u00e9moniales, alliant qualit\u00e9 et \u00e9l\u00e9gance pour immortaliser chaque \u00e9v\u00e9nement important de mani\u00e8re unique et raffin\u00e9e. Accessoires du c\u00e9r\u00e9monial CADRE FUNERAIRE (r\u00e9utilisable) pour plaque c\u00e9r\u00e9moniale et petite plaque c\u00e9r\u00e9moniale en bois dor\u00e9 or antique Plaques c\u00e9r\u00e9moniales \u00a0 PLAQUE CEREMONIALE PLAQUE DE CERCUEIL 191 X 50 mm [&hellip;]<\/p>\n","protected":false},"author":1,"featured_media":0,"parent":0,"menu_order":0,"comment_status":"closed","ping_status":"closed","template":"","meta":{"footnotes":""},"class_list":["post-90","page","type-page","status-publish","hentry"],"yoast_head":"<!-- This site is optimized with the Yoast SEO plugin v27.4 - https:\/\/yoast.com\/product\/yoast-seo-wordpress\/ -->\n<title>Plaques c\u00e9r\u00e9moniales - https:\/\/markmarkus.com\/<\/title>\n<meta name=\"description\" content=\"Les plaques c\u00e9r\u00e9moniales fa\u00e7onn\u00e9e pour transcender l&#039;\u00e9ph\u00e9m\u00e8re et immortaliser les instants qui marquent une vie.\" \/>\n<meta name=\"robots\" content=\"index, follow, max-snippet:-1, max-image-preview:large, max-video-preview:-1\" \/>\n<link rel=\"canonical\" href=\"https:\/\/markmarkus.com\/index.php\/plaques-ceremoniales\/\" \/>\n<meta property=\"og:locale\" content=\"fr_FR\" \/>\n<meta property=\"og:type\" content=\"article\" \/>\n<meta property=\"og:title\" content=\"Plaques c\u00e9r\u00e9moniales - https:\/\/markmarkus.com\/\" \/>\n<meta property=\"og:description\" content=\"Les plaques c\u00e9r\u00e9moniales fa\u00e7onn\u00e9e pour transcender l&#039;\u00e9ph\u00e9m\u00e8re et immortaliser les instants qui marquent une vie.\" \/>\n<meta property=\"og:url\" content=\"https:\/\/markmarkus.com\/index.php\/plaques-ceremoniales\/\" \/>\n<meta property=\"og:site_name\" content=\"https:\/\/markmarkus.com\/\" \/>\n<meta property=\"article:modified_time\" content=\"2024-02-25T17:21:16+00:00\" \/>\n<meta property=\"og:image\" content=\"https:\/\/markmarkus.com\/wp-content\/uploads\/2024\/02\/7_1.jpg\" \/>\n<meta name=\"twitter:card\" content=\"summary_large_image\" \/>\n<meta name=\"twitter:label1\" content=\"Dur\u00e9e de lecture estim\u00e9e\" \/>\n\t<meta name=\"twitter:data1\" content=\"3 minutes\" \/>\n<script type=\"application\/ld+json\" class=\"yoast-schema-graph\">{\"@context\":\"https:\\\/\\\/schema.org\",\"@graph\":[{\"@type\":\"WebPage\",\"@id\":\"https:\\\/\\\/markmarkus.com\\\/index.php\\\/plaques-ceremoniales\\\/\",\"url\":\"https:\\\/\\\/markmarkus.com\\\/index.php\\\/plaques-ceremoniales\\\/\",\"name\":\"Plaques c\u00e9r\u00e9moniales - https:\\\/\\\/markmarkus.com\\\/\",\"isPartOf\":{\"@id\":\"https:\\\/\\\/markmarkus.com\\\/#website\"},\"primaryImageOfPage\":{\"@id\":\"https:\\\/\\\/markmarkus.com\\\/index.php\\\/plaques-ceremoniales\\\/#primaryimage\"},\"image\":{\"@id\":\"https:\\\/\\\/markmarkus.com\\\/index.php\\\/plaques-ceremoniales\\\/#primaryimage\"},\"thumbnailUrl\":\"https:\\\/\\\/markmarkus.com\\\/wp-content\\\/uploads\\\/2024\\\/02\\\/7_1.jpg\",\"datePublished\":\"2024-02-25T08:01:22+00:00\",\"dateModified\":\"2024-02-25T17:21:16+00:00\",\"description\":\"Les plaques c\u00e9r\u00e9moniales fa\u00e7onn\u00e9e pour transcender l'\u00e9ph\u00e9m\u00e8re et immortaliser les instants qui marquent une vie.\",\"breadcrumb\":{\"@id\":\"https:\\\/\\\/markmarkus.com\\\/index.php\\\/plaques-ceremoniales\\\/#breadcrumb\"},\"inLanguage\":\"fr-FR\",\"potentialAction\":[{\"@type\":\"ReadAction\",\"target\":[\"https:\\\/\\\/markmarkus.com\\\/index.php\\\/plaques-ceremoniales\\\/\"]}]},{\"@type\":\"ImageObject\",\"inLanguage\":\"fr-FR\",\"@id\":\"https:\\\/\\\/markmarkus.com\\\/index.php\\\/plaques-ceremoniales\\\/#primaryimage\",\"url\":\"https:\\\/\\\/markmarkus.com\\\/wp-content\\\/uploads\\\/2024\\\/02\\\/7_1.jpg\",\"contentUrl\":\"https:\\\/\\\/markmarkus.com\\\/wp-content\\\/uploads\\\/2024\\\/02\\\/7_1.jpg\",\"width\":767,\"height\":610},{\"@type\":\"BreadcrumbList\",\"@id\":\"https:\\\/\\\/markmarkus.com\\\/index.php\\\/plaques-ceremoniales\\\/#breadcrumb\",\"itemListElement\":[{\"@type\":\"ListItem\",\"position\":1,\"name\":\"Accueil\",\"item\":\"https:\\\/\\\/markmarkus.com\\\/\"},{\"@type\":\"ListItem\",\"position\":2,\"name\":\"Plaques c\u00e9r\u00e9moniales\"}]},{\"@type\":\"WebSite\",\"@id\":\"https:\\\/\\\/markmarkus.com\\\/#website\",\"url\":\"https:\\\/\\\/markmarkus.com\\\/\",\"name\":\"https:\\\/\\\/markmarkus.com\\\/\",\"description\":\"Marquages et supports fun\u00e9raire\",\"publisher\":{\"@id\":\"https:\\\/\\\/markmarkus.com\\\/#organization\"},\"potentialAction\":[{\"@type\":\"SearchAction\",\"target\":{\"@type\":\"EntryPoint\",\"urlTemplate\":\"https:\\\/\\\/markmarkus.com\\\/?s={search_term_string}\"},\"query-input\":{\"@type\":\"PropertyValueSpecification\",\"valueRequired\":true,\"valueName\":\"search_term_string\"}}],\"inLanguage\":\"fr-FR\"},{\"@type\":\"Organization\",\"@id\":\"https:\\\/\\\/markmarkus.com\\\/#organization\",\"name\":\"https:\\\/\\\/markmarkus.com\\\/\",\"url\":\"https:\\\/\\\/markmarkus.com\\\/\",\"logo\":{\"@type\":\"ImageObject\",\"inLanguage\":\"fr-FR\",\"@id\":\"https:\\\/\\\/markmarkus.com\\\/#\\\/schema\\\/logo\\\/image\\\/\",\"url\":\"https:\\\/\\\/markmarkus.com\\\/wp-content\\\/uploads\\\/2024\\\/02\\\/markmarkus41.jpg\",\"contentUrl\":\"https:\\\/\\\/markmarkus.com\\\/wp-content\\\/uploads\\\/2024\\\/02\\\/markmarkus41.jpg\",\"width\":1200,\"height\":396,\"caption\":\"https:\\\/\\\/markmarkus.com\\\/\"},\"image\":{\"@id\":\"https:\\\/\\\/markmarkus.com\\\/#\\\/schema\\\/logo\\\/image\\\/\"}}]}<\/script>\n<!-- \/ Yoast SEO plugin. -->","yoast_head_json":{"title":"Plaques c\u00e9r\u00e9moniales - https:\/\/markmarkus.com\/","description":"Les plaques c\u00e9r\u00e9moniales fa\u00e7onn\u00e9e pour transcender l'\u00e9ph\u00e9m\u00e8re et immortaliser les instants qui marquent une vie.","robots":{"index":"index","follow":"follow","max-snippet":"max-snippet:-1","max-image-preview":"max-image-preview:large","max-video-preview":"max-video-preview:-1"},"canonical":"https:\/\/markmarkus.com\/index.php\/plaques-ceremoniales\/","og_locale":"fr_FR","og_type":"article","og_title":"Plaques c\u00e9r\u00e9moniales - https:\/\/markmarkus.com\/","og_description":"Les plaques c\u00e9r\u00e9moniales fa\u00e7onn\u00e9e pour transcender l'\u00e9ph\u00e9m\u00e8re et immortaliser les instants qui marquent une vie.","og_url":"https:\/\/markmarkus.com\/index.php\/plaques-ceremoniales\/","og_site_name":"https:\/\/markmarkus.com\/","article_modified_time":"2024-02-25T17:21:16+00:00","og_image":[{"url":"https:\/\/markmarkus.com\/wp-content\/uploads\/2024\/02\/7_1.jpg","type":"","width":"","height":""}],"twitter_card":"summary_large_image","twitter_misc":{"Dur\u00e9e de lecture estim\u00e9e":"3 minutes"},"schema":{"@context":"https:\/\/schema.org","@graph":[{"@type":"WebPage","@id":"https:\/\/markmarkus.com\/index.php\/plaques-ceremoniales\/","url":"https:\/\/markmarkus.com\/index.php\/plaques-ceremoniales\/","name":"Plaques c\u00e9r\u00e9moniales - https:\/\/markmarkus.com\/","isPartOf":{"@id":"https:\/\/markmarkus.com\/#website"},"primaryImageOfPage":{"@id":"https:\/\/markmarkus.com\/index.php\/plaques-ceremoniales\/#primaryimage"},"image":{"@id":"https:\/\/markmarkus.com\/index.php\/plaques-ceremoniales\/#primaryimage"},"thumbnailUrl":"https:\/\/markmarkus.com\/wp-content\/uploads\/2024\/02\/7_1.jpg","datePublished":"2024-02-25T08:01:22+00:00","dateModified":"2024-02-25T17:21:16+00:00","description":"Les plaques c\u00e9r\u00e9moniales fa\u00e7onn\u00e9e pour transcender l'\u00e9ph\u00e9m\u00e8re et immortaliser les instants qui marquent une vie.","breadcrumb":{"@id":"https:\/\/markmarkus.com\/index.php\/plaques-ceremoniales\/#breadcrumb"},"inLanguage":"fr-FR","potentialAction":[{"@type":"ReadAction","target":["https:\/\/markmarkus.com\/index.php\/plaques-ceremoniales\/"]}]},{"@type":"ImageObject","inLanguage":"fr-FR","@id":"https:\/\/markmarkus.com\/index.php\/plaques-ceremoniales\/#primaryimage","url":"https:\/\/markmarkus.com\/wp-content\/uploads\/2024\/02\/7_1.jpg","contentUrl":"https:\/\/markmarkus.com\/wp-content\/uploads\/2024\/02\/7_1.jpg","width":767,"height":610},{"@type":"BreadcrumbList","@id":"https:\/\/markmarkus.com\/index.php\/plaques-ceremoniales\/#breadcrumb","itemListElement":[{"@type":"ListItem","position":1,"name":"Accueil","item":"https:\/\/markmarkus.com\/"},{"@type":"ListItem","position":2,"name":"Plaques c\u00e9r\u00e9moniales"}]},{"@type":"WebSite","@id":"https:\/\/markmarkus.com\/#website","url":"https:\/\/markmarkus.com\/","name":"https:\/\/markmarkus.com\/","description":"Marquages et supports fun\u00e9raire","publisher":{"@id":"https:\/\/markmarkus.com\/#organization"},"potentialAction":[{"@type":"SearchAction","target":{"@type":"EntryPoint","urlTemplate":"https:\/\/markmarkus.com\/?s={search_term_string}"},"query-input":{"@type":"PropertyValueSpecification","valueRequired":true,"valueName":"search_term_string"}}],"inLanguage":"fr-FR"},{"@type":"Organization","@id":"https:\/\/markmarkus.com\/#organization","name":"https:\/\/markmarkus.com\/","url":"https:\/\/markmarkus.com\/","logo":{"@type":"ImageObject","inLanguage":"fr-FR","@id":"https:\/\/markmarkus.com\/#\/schema\/logo\/image\/","url":"https:\/\/markmarkus.com\/wp-content\/uploads\/2024\/02\/markmarkus41.jpg","contentUrl":"https:\/\/markmarkus.com\/wp-content\/uploads\/2024\/02\/markmarkus41.jpg","width":1200,"height":396,"caption":"https:\/\/markmarkus.com\/"},"image":{"@id":"https:\/\/markmarkus.com\/#\/schema\/logo\/image\/"}}]}},"_links":{"self":[{"href":"https:\/\/markmarkus.com\/index.php\/wp-json\/wp\/v2\/pages\/90","targetHints":{"allow":["GET"]}}],"collection":[{"href":"https:\/\/markmarkus.com\/index.php\/wp-json\/wp\/v2\/pages"}],"about":[{"href":"https:\/\/markmarkus.com\/index.php\/wp-json\/wp\/v2\/types\/page"}],"author":[{"embeddable":true,"href":"https:\/\/markmarkus.com\/index.php\/wp-json\/wp\/v2\/users\/1"}],"replies":[{"embeddable":true,"href":"https:\/\/markmarkus.com\/index.php\/wp-json\/wp\/v2\/comments?post=90"}],"version-history":[{"count":34,"href":"https:\/\/markmarkus.com\/index.php\/wp-json\/wp\/v2\/pages\/90\/revisions"}],"predecessor-version":[{"id":276,"href":"https:\/\/markmarkus.com\/index.php\/wp-json\/wp\/v2\/pages\/90\/revisions\/276"}],"wp:attachment":[{"href":"https:\/\/markmarkus.com\/index.php\/wp-json\/wp\/v2\/media?parent=90"}],"curies":[{"name":"wp","href":"https:\/\/api.w.org\/{rel}","templated":true}]}}